{"id":930,"date":"2009-12-21T14:34:40","date_gmt":"2009-12-21T12:34:40","guid":{"rendered":"http:\/\/sorprendemos.com\/consultoresdocumentales\/?page_id=930"},"modified":"2020-02-08T12:37:48","modified_gmt":"2020-02-08T10:37:48","slug":"talleres","status":"publish","type":"page","link":"https:\/\/sorprendemos.com\/consultoresdocumentales\/?page_id=930","title":{"rendered":"Servicios"},"content":{"rendered":"<p>[et_pb_section fb_built=\u00bb1&#8243; admin_label=\u00bbsection\u00bb _builder_version=\u00bb3.22&#8243;][et_pb_row column_structure=\u00bb2_3,1_3&#8243; admin_label=\u00bbrow\u00bb _builder_version=\u00bb3.25&#8243; background_size=\u00bbinitial\u00bb background_position=\u00bbtop_left\u00bb background_repeat=\u00bbrepeat\u00bb][et_pb_column type=\u00bb2_3&#8243; _builder_version=\u00bb3.25&#8243; custom_padding=\u00bb|||\u00bb custom_padding__hover=\u00bb|||\u00bb][et_pb_post_title meta=\u00bboff\u00bb featured_image=\u00bboff\u00bb _builder_version=\u00bb4.3.1&#8243;][\/et_pb_post_title][et_pb_text admin_label=\u00bbSERVICIOS\u00bb _builder_version=\u00bb4.3.1&#8243;]<\/p>\n<div class=\"fboxtext\">\n<div class=\"fboxtitle\">\n<div class=\"fboxtitle\">\n<div class=\"fboxtitle\">\n<div class=\"fboxtitle\">\n<div class=\"fboxtitle\">\n<div class=\"fboxtitle\">\n<div class=\"fboxtitle\">\n<div class=\"fboxtitle\">\n<div class=\"fboxtitle\">\n<p style=\"text-align: left;\"><span style=\"font-family: arial, helvetica, sans-serif; font-size: 14pt;\">Servicios profesionales especializados en el \u00e1rea de <strong>gesti\u00f3n de contenidos digitales<\/strong>, gesti\u00f3n de informaci\u00f3n y documentos.<\/span><\/p>\n<p style=\"text-align: left;\"><span style=\"font-family: arial, helvetica, sans-serif; font-size: 14pt;\">Gestionamos cada colaboraci\u00f3n con metodolog\u00eda de\u00a0<strong>gesti\u00f3n de proyectos<\/strong>, utilizando\u00a0<strong>software libre<\/strong>\u00a0para obtener\u00a0<strong>soluciones \u00fatiles, innovadoras, competitivas en coste y controladas en riesgos.<\/strong><\/span><\/p>\n<\/div>\n<\/div>\n<\/div>\n<\/div>\n<\/div>\n<\/div>\n<\/div>\n<\/div>\n<\/div>\n<\/div>\n<p>[\/et_pb_text][et_pb_button button_url=\u00bbhttps:\/\/conocimientopractico.es\/\u00bb button_text=\u00bbCONTACTA AHORA\u00bb button_alignment=\u00bbcenter\u00bb _builder_version=\u00bb4.3.1&#8243; custom_button=\u00bbon\u00bb button_text_color=\u00bb#0c71c3&#8243;][\/et_pb_button][\/et_pb_column][et_pb_column type=\u00bb1_3&#8243; _builder_version=\u00bb3.25&#8243; custom_padding=\u00bb|||\u00bb custom_padding__hover=\u00bb|||\u00bb][et_pb_sidebar _builder_version=\u00bb4.3.1&#8243;][\/et_pb_sidebar][\/et_pb_column][\/et_pb_row][\/et_pb_section]<\/p>\n","protected":false},"excerpt":{"rendered":"<p>Servicios profesionales especializados en el \u00e1rea de gesti\u00f3n de contenidos digitales, gesti\u00f3n de informaci\u00f3n y documentos. Gestionamos cada colaboraci\u00f3n con metodolog\u00eda de\u00a0gesti\u00f3n de proyectos, utilizando\u00a0software libre\u00a0para obtener\u00a0soluciones \u00fatiles, innovadoras, competitivas en coste y controladas en riesgos.<\/p>\n","protected":false},"author":5,"featured_media":0,"parent":0,"menu_order":2,"comment_status":"closed","ping_status":"open","template":"","meta":{"_et_pb_use_builder":"on","_et_pb_old_content":"<p style=\"text-align: justify;\"><strong>Prestamos servicios profesionales<\/strong>\u00a0especializados en el \u00e1rea de\u00a0<strong>gesti\u00f3n de informaci\u00f3n<\/strong>,\u00a0<strong>contenidos<\/strong>\u00a0y\u00a0<strong>documentos\u00a0<\/strong>basados en el conocimiento, para acompa\u00f1arle en la soluci\u00f3n de sus necesidades de forma\u00a0<strong>flexible<\/strong>,\u00a0<strong>r\u00e1pida<\/strong>\u00a0y orientada a\u00a0<strong>resultados<\/strong>.<\/p><p style=\"text-align: justify;\"><span style=\"color: #333333;\">Gestionamos cada colaboraci\u00f3n con metodolog\u00eda de\u00a0<strong>gesti\u00f3n de proyectos<\/strong>, utilizando\u00a0<strong>software libre<\/strong>\u00a0para obtener\u00a0<strong>soluciones \u00fatiles innovadoras, competitivas en coste y controladas en riesgos.<\/strong><\/span><\/p>","_et_gb_content_width":"","_monsterinsights_skip_tracking":false,"_monsterinsights_sitenote_active":false,"_monsterinsights_sitenote_note":"","_monsterinsights_sitenote_category":0,"footnotes":""},"class_list":["post-930","page","type-page","status-publish","hentry"],"yoast_head":"<!-- This site is optimized with the Yoast SEO plugin v27.5 - https:\/\/yoast.com\/product\/yoast-seo-wordpress\/ -->\r\n<title>SERVICIOS EN GESTION DE CONTENIDOS - Consultores Documentales<\/title>\r\n<meta name=\"description\" content=\"SERVICIOS PROFESIONALES. Proyectos de gesti\u00f3n documental e informaci\u00f3n basados en la experiencia real y el conocimiento. www.conocimientopractico.es\" \/>\r\n<meta name=\"robots\" content=\"index, follow, max-snippet:-1, max-image-preview:large, max-video-preview:-1\" \/>\r\n<link rel=\"canonical\" href=\"https:\/\/sorprendemos.com\/consultoresdocumentales\/?page_id=930\" \/>\r\n<meta name=\"twitter:label1\" content=\"Tiempo de lectura\" \/>\n\t<meta name=\"twitter:data1\" content=\"1 minuto\" \/>\r\n<script type=\"application\/ld+json\" class=\"yoast-schema-graph\">{\"@context\":\"https:\\\/\\\/schema.org\",\"@graph\":[{\"@type\":\"WebPage\",\"@id\":\"https:\\\/\\\/sorprendemos.com\\\/consultoresdocumentales\\\/?page_id=930\",\"url\":\"https:\\\/\\\/sorprendemos.com\\\/consultoresdocumentales\\\/?page_id=930\",\"name\":\"SERVICIOS EN GESTION DE CONTENIDOS - Consultores Documentales\",\"isPartOf\":{\"@id\":\"https:\\\/\\\/sorprendemos.com\\\/consultoresdocumentales\\\/#website\"},\"datePublished\":\"2009-12-21T12:34:40+00:00\",\"dateModified\":\"2020-02-08T10:37:48+00:00\",\"description\":\"SERVICIOS PROFESIONALES. Proyectos de gesti\u00f3n documental e informaci\u00f3n basados en la experiencia real y el conocimiento. www.conocimientopractico.es\",\"breadcrumb\":{\"@id\":\"https:\\\/\\\/sorprendemos.com\\\/consultoresdocumentales\\\/?page_id=930#breadcrumb\"},\"inLanguage\":\"es\",\"potentialAction\":[{\"@type\":\"ReadAction\",\"target\":[\"https:\\\/\\\/sorprendemos.com\\\/consultoresdocumentales\\\/?page_id=930\"]}]},{\"@type\":\"BreadcrumbList\",\"@id\":\"https:\\\/\\\/sorprendemos.com\\\/consultoresdocumentales\\\/?page_id=930#breadcrumb\",\"itemListElement\":[{\"@type\":\"ListItem\",\"position\":1,\"name\":\"Portada\",\"item\":\"https:\\\/\\\/sorprendemos.com\\\/consultoresdocumentales\"},{\"@type\":\"ListItem\",\"position\":2,\"name\":\"Servicios\"}]},{\"@type\":\"WebSite\",\"@id\":\"https:\\\/\\\/sorprendemos.com\\\/consultoresdocumentales\\\/#website\",\"url\":\"https:\\\/\\\/sorprendemos.com\\\/consultoresdocumentales\\\/\",\"name\":\"Consultores Documentales\",\"description\":\"Dise\u00f1o, planificaci\u00f3n, implantaci\u00f3n, operaci\u00f3n y gesti\u00f3n de proyectos y servicios\",\"potentialAction\":[{\"@type\":\"SearchAction\",\"target\":{\"@type\":\"EntryPoint\",\"urlTemplate\":\"https:\\\/\\\/sorprendemos.com\\\/consultoresdocumentales\\\/?s={search_term_string}\"},\"query-input\":{\"@type\":\"PropertyValueSpecification\",\"valueRequired\":true,\"valueName\":\"search_term_string\"}}],\"inLanguage\":\"es\"}]}<\/script>\r\n<!-- \/ Yoast SEO plugin. -->","yoast_head_json":{"title":"SERVICIOS EN GESTION DE CONTENIDOS - Consultores Documentales","description":"SERVICIOS PROFESIONALES. Proyectos de gesti\u00f3n documental e informaci\u00f3n basados en la experiencia real y el conocimiento. www.conocimientopractico.es","robots":{"index":"index","follow":"follow","max-snippet":"max-snippet:-1","max-image-preview":"max-image-preview:large","max-video-preview":"max-video-preview:-1"},"canonical":"https:\/\/sorprendemos.com\/consultoresdocumentales\/?page_id=930","twitter_misc":{"Tiempo de lectura":"1 minuto"},"schema":{"@context":"https:\/\/schema.org","@graph":[{"@type":"WebPage","@id":"https:\/\/sorprendemos.com\/consultoresdocumentales\/?page_id=930","url":"https:\/\/sorprendemos.com\/consultoresdocumentales\/?page_id=930","name":"SERVICIOS EN GESTION DE CONTENIDOS - Consultores Documentales","isPartOf":{"@id":"https:\/\/sorprendemos.com\/consultoresdocumentales\/#website"},"datePublished":"2009-12-21T12:34:40+00:00","dateModified":"2020-02-08T10:37:48+00:00","description":"SERVICIOS PROFESIONALES. Proyectos de gesti\u00f3n documental e informaci\u00f3n basados en la experiencia real y el conocimiento. www.conocimientopractico.es","breadcrumb":{"@id":"https:\/\/sorprendemos.com\/consultoresdocumentales\/?page_id=930#breadcrumb"},"inLanguage":"es","potentialAction":[{"@type":"ReadAction","target":["https:\/\/sorprendemos.com\/consultoresdocumentales\/?page_id=930"]}]},{"@type":"BreadcrumbList","@id":"https:\/\/sorprendemos.com\/consultoresdocumentales\/?page_id=930#breadcrumb","itemListElement":[{"@type":"ListItem","position":1,"name":"Portada","item":"https:\/\/sorprendemos.com\/consultoresdocumentales"},{"@type":"ListItem","position":2,"name":"Servicios"}]},{"@type":"WebSite","@id":"https:\/\/sorprendemos.com\/consultoresdocumentales\/#website","url":"https:\/\/sorprendemos.com\/consultoresdocumentales\/","name":"Consultores Documentales","description":"Dise\u00f1o, planificaci\u00f3n, implantaci\u00f3n, operaci\u00f3n y gesti\u00f3n de proyectos y servicios","potentialAction":[{"@type":"SearchAction","target":{"@type":"EntryPoint","urlTemplate":"https:\/\/sorprendemos.com\/consultoresdocumentales\/?s={search_term_string}"},"query-input":{"@type":"PropertyValueSpecification","valueRequired":true,"valueName":"search_term_string"}}],"inLanguage":"es"}]}},"_links":{"self":[{"href":"https:\/\/sorprendemos.com\/consultoresdocumentales\/index.php?rest_route=\/wp\/v2\/pages\/930","targetHints":{"allow":["GET"]}}],"collection":[{"href":"https:\/\/sorprendemos.com\/consultoresdocumentales\/index.php?rest_route=\/wp\/v2\/pages"}],"about":[{"href":"https:\/\/sorprendemos.com\/consultoresdocumentales\/index.php?rest_route=\/wp\/v2\/types\/page"}],"author":[{"embeddable":true,"href":"https:\/\/sorprendemos.com\/consultoresdocumentales\/index.php?rest_route=\/wp\/v2\/users\/5"}],"replies":[{"embeddable":true,"href":"https:\/\/sorprendemos.com\/consultoresdocumentales\/index.php?rest_route=%2Fwp%2Fv2%2Fcomments&post=930"}],"version-history":[{"count":0,"href":"https:\/\/sorprendemos.com\/consultoresdocumentales\/index.php?rest_route=\/wp\/v2\/pages\/930\/revisions"}],"wp:attachment":[{"href":"https:\/\/sorprendemos.com\/consultoresdocumentales\/index.php?rest_route=%2Fwp%2Fv2%2Fmedia&parent=930"}],"curies":[{"name":"wp","href":"https:\/\/api.w.org\/{rel}","templated":true}]}}