{"id":7216,"date":"2016-01-21T20:02:18","date_gmt":"2016-01-21T18:02:18","guid":{"rendered":"http:\/\/sorprendemos.com\/consultoresdocumentales\/?page_id=7216"},"modified":"2016-01-21T20:23:01","modified_gmt":"2016-01-21T18:23:01","slug":"taller-planificacion-repositorios-digitales-estrategias-preservacion-digital","status":"publish","type":"page","link":"https:\/\/sorprendemos.com\/consultoresdocumentales\/?page_id=7216","title":{"rendered":"Taller sobre planificaci\u00f3n de repositorios digitales y estrategias de preservaci\u00f3n digital"},"content":{"rendered":"<h3 style=\"text-align: justify;\"><img loading=\"lazy\" decoding=\"async\" class=\"aligncenter wp-image-6754 size-full\" src=\"http:\/\/sorprendemos.com\/consultoresdocumentales\/wp-content\/uploads\/2015\/02\/escireconopra.gif\" alt=\"Escire &amp; Conocimiento Pr\u00e1ctico\" width=\"660\" height=\"198\" \/><\/h3>\n<h3 style=\"text-align: justify;\"><strong><a href=\"http:\/\/sorprendemos.com\/consultoresdocumentales\/wp-content\/uploads\/2013\/05\/RD.gif\"><img loading=\"lazy\" decoding=\"async\" class=\"size-full wp-image-6883 alignleft\" src=\"http:\/\/sorprendemos.com\/consultoresdocumentales\/wp-content\/uploads\/2013\/05\/RD.gif\" alt=\"RD\" width=\"150\" height=\"150\" \/><\/a>Objetivo<\/strong><\/h3>\n<div class=\"page\" style=\"text-align: justify;\" title=\"Page 3\">\n<div class=\"section\">\n<div class=\"layoutArea\">\n<div class=\"column\">\n<p>Que los participantes puedan definir y ejecutar un plan de actividades para el dise\u00f1o de un repositorio institucional acompa\u00f1ado de una pol\u00edtica de preservaci\u00f3n digital, considerando las diferentes alternativas que actualmente existen, as\u00ed como las caracter\u00edsticas particulares del acervo, y de acuerdo con est\u00e1ndares internacionales.<\/p>\n<\/div>\n<\/div>\n<\/div>\n<\/div>\n<h3 style=\"text-align: justify;\"><strong>Perfil participantes<\/strong><\/h3>\n<ul style=\"text-align: justify;\">\n<li>Bibliotecario Administrador<\/li>\n<li>Bibliotecario Catalogador o perfil acad\u00e9mico<\/li>\n<\/ul>\n<h3 style=\"text-align: justify;\"><strong>Duraci\u00f3n<\/strong><\/h3>\n<p style=\"text-align: justify;\">10 sesiones de trabajo de 2 horas\u00a0(10:00 am hora de M\u00e9xico \/ 17:00 hora de Espa\u00f1a).\u00a0\u00a0todas las sesiones son grabadas a fin de que puedan ser consultadas posteriormente por los alumnos en caso de existir dudas o bien para reafirmar conocimientos.\u00a0El alumno recibir\u00e1 su certificado de participaci\u00f3n, siempre y cuando cumpla con el 100% de asistencia y pr\u00e1cticas.<\/p>\n<h3 class=\"p1\" style=\"text-align: justify;\"><span class=\"s1\"><b>Modalidad<\/b><\/span><\/h3>\n<p class=\"p2\" style=\"text-align: justify;\"><span class=\"s1\">Las sesiones se imparten en modalidad presencial y a distancia, en el caso de la modalidad online las sesiones se imparten en tiempo real a trav\u00e9s de nuestra aula virtual, apoy\u00e1ndonos con Webex y quedan almacenadas para su consulta posterior por parte de los alumnos en caso de ser necesario. Lo \u00fanico que necesitas es tener un ordenador con internet, altavoces y preferentemente contar con micr\u00f3fono.\u00a0<\/span><\/p>\n<h3 class=\"p1\" style=\"text-align: justify;\"><span class=\"s1\"><b>Instructores<\/b><\/span><\/h3>\n<ul class=\"ul1\" style=\"text-align: justify;\">\n<li class=\"li2\">Araceli Olivo<\/li>\n<li class=\"li2\">Joel Torres<\/li>\n<\/ul>\n<h3 class=\"p1\" style=\"text-align: justify;\"><span class=\"s1\"><b>Temario y fechas<\/b><\/span><\/h3>\n<p class=\"p1\" style=\"text-align: justify;\"><span style=\"text-decoration: underline;\"><span class=\"s1\">Sesi\u00f3n 1.<b>\u00a0Introducci\u00f3n y antecedentes<\/b>\u00a0\u2013 8 de febrero\u00a0del 2016<\/span><\/span><\/p>\n<p class=\"p1\" style=\"text-align: justify;\">1. Consideraciones iniciales<br \/>\n2. Software libre<br \/>\n3. Acceso abierto<br \/>\n4. Repaso general del panorama nacional e internacional<\/p>\n<p class=\"p1\" style=\"text-align: justify;\"><span style=\"text-decoration: underline;\"><span class=\"s1\">Sesi\u00f3n 2. <strong>Definici\u00f3n de los o<\/strong><b>bjetivos del repositorio digital\u00a0<\/b>\u2013 9 de febrero del 2016<\/span><\/span><\/p>\n<p class=\"p1\" style=\"text-align: justify;\">1. Objetivos generales<br \/>\n2. Ingesta y organizaci\u00f3n<br \/>\n3. Difusi\u00f3n y acceso<br \/>\n4. Preservaci\u00f3n y mantenimeinto<\/p>\n<p class=\"p1\" style=\"text-align: justify;\"><span style=\"text-decoration: underline;\">Sesi\u00f3n 3. <b>Objetivos de preservaci\u00f3n en un repositorio digital<\/b>\u2013 10 de febrero del 2016<\/span><\/p>\n<p class=\"p1\" style=\"text-align: justify;\">1. Objetivos de un repositorio digital<br \/>\n2. C\u00f3mo se contempla una pol\u00edtica de PD dentro de un repositorio.<br \/>\n3. Principales amenazas de los recursos contenidos en un repositorio digital<br \/>\nA. Tecnol\u00f3gicas<br \/>\nB. Institucionales<br \/>\n4. La importancia de definir una pol\u00edtica de preservaci\u00f3n digital<\/p>\n<p class=\"p1\" style=\"text-align: justify;\"><span style=\"text-decoration: underline;\"><span class=\"s1\">Sesi\u00f3n 4. <b>Introducci\u00f3n a la preservaci\u00f3n digital<\/b>\u00a0\u2013 11 de febrero del 2016<\/span><\/span><\/p>\n<p class=\"p1\" style=\"text-align: justify;\">1. Consideraciones iniciales<br \/>\n2. Fundamentos y or\u00edgenes<br \/>\nA. Primeros conceptos e historia<br \/>\nB. Antecedentes de OAIS<br \/>\n3. Escenario mundial<br \/>\n4. Escenario nacional<br \/>\n5. Principales riesgos<\/p>\n<p class=\"p1\" style=\"text-align: justify; padding-left: 30px;\">A. M\u00faltiples copias<br \/>\nB. Gesti\u00f3n de respaldos<br \/>\nC. Control de inventario y ubicaciones<br \/>\nD. Control de versiones, contenido e integridad<br \/>\nE. Certeza de accesibilidad<\/p>\n<p class=\"p1\" style=\"text-align: justify;\"><span style=\"text-decoration: underline;\"><span class=\"s1\">Sesi\u00f3n 5. <b>Definici\u00f3n del modelo de gesti\u00f3n del RD<\/b>\u2013 12 de febrero\u00a0del 2016<\/span><\/span><\/p>\n<p class=\"p1\" style=\"text-align: justify;\">1. Estructura organizacional<br \/>\n2. Definici\u00f3n de roles<br \/>\n3. Definici\u00f3n del esquema de metadatos DC<\/p>\n<div class=\"page\" style=\"text-align: justify;\" title=\"Page 6\">\n<div class=\"section\">\n<div class=\"layoutArea\">\n<div class=\"column\">\n<p class=\"p1\"><span style=\"text-decoration: underline;\"><span class=\"s1\">Sesi\u00f3n 6. <b>Definici\u00f3n de la normatividad del RD<\/b>\u2013 15 de febrero\u00a0del 2016<\/span><\/span><\/p>\n<p class=\"p1\">1. Respecto al dise\u00f1o<br \/>\n2. Respecto a los contenidos<br \/>\n3. Respecto a la propiedad intelectual<br \/>\n4. Respecto a la preservaci\u00f3n<br \/>\n5. Respecto a la interoperabilidad<\/p>\n<div class=\"page\" title=\"Page 6\">\n<div class=\"section\">\n<div class=\"layoutArea\">\n<div class=\"column\">\n<p class=\"p1\"><span style=\"text-decoration: underline;\"><span class=\"s1\">Sesi\u00f3n 7. <b>Definici\u00f3n de normatividad de Preservaci\u00f3n Digital<\/b>\u2013 16 de febrero\u00a0del 2016<\/span><\/span><\/p>\n<p class=\"p1\">1. Objeto digital<br \/>\n2. Formato<br \/>\n3. Soporte<br \/>\n4. Respaldo<br \/>\n5. Transformaci\u00f3n y evoluci\u00f3n<br \/>\n6. M\u00e1sters y derivados<br \/>\n7. Paquetes de informaci\u00f3n<br \/>\nA. SIP<br \/>\nB. AIP<br \/>\nC. DIP<br \/>\n8. Modelos de descripci\u00f3n<br \/>\nA. PREMIS<br \/>\nB. METS<br \/>\nC. Dublin Core<\/p>\n<p class=\"p1\">D. MARC<br \/>\nE. ISAD<br \/>\n9. ISO 14721:2012<br \/>\n10. Descripci\u00f3n del modelo OAIS<br \/>\nA. OAIS extendido<br \/>\n11. Compatibilidad con DSpace<\/p>\n<div class=\"page\" title=\"Page 7\">\n<div class=\"section\">\n<div class=\"layoutArea\">\n<div class=\"column\">\n<p><span style=\"text-decoration: underline;\">Sesi\u00f3n 8. <b>Definici\u00f3n de una pol\u00edtica de preservaci\u00f3n<\/b>\u2013 17 de febrero\u00a0del 2016<\/span><\/p>\n<div class=\"page\" title=\"Page 7\">\n<div class=\"section\">\n<div class=\"layoutArea\">\n<div class=\"column\">\n<p>1. Planificaci\u00f3n estrat\u00e9gica<br \/>\nA. Requerimientos tecnol\u00f3gicos<br \/>\nA. WORM<br \/>\nB. XML<br \/>\nC. OAI\/ORE<br \/>\nB. Necesidad de recursos<br \/>\nA. Financieros<br \/>\nB. Humanos<br \/>\nC. T\u00e9cnicos<br \/>\nC. Definici\u00f3n de ruta cr\u00edtica<br \/>\nA. An\u00e1lisis general de la colecci\u00f3n<br \/>\n\u2013 Definici\u00f3n de la pol\u00edtica por cada colecci\u00f3n<br \/>\nB. Identificaci\u00f3n de colecciones a preservar<br \/>\nC. Definici\u00f3n de punto de partida<br \/>\nD. Planificaci\u00f3n simple a complejo<br \/>\nA. Curadur\u00eda<br \/>\nB. Normalizaci\u00f3n<br \/>\nC. Preparaci\u00f3n<br \/>\n2. Integraci\u00f3n con iniciativas del Repositorio Digital<br \/>\nA. Protecci\u00f3n de la propiedad intelectual<br \/>\n3. Definici\u00f3n de pol\u00edticas b\u00e1sicas<br \/>\nA. Obsolescencia<br \/>\nB. Organizaci\u00f3n de la informaci\u00f3n<br \/>\nC. Vigencia de formatos<br \/>\nD. Vigencia de soportes<br \/>\n4. Definici\u00f3n de estructura de colecciones<\/p>\n<p>5. Definici\u00f3n de modelo de ingesta<br \/>\nA. Tipolog\u00eda documental<br \/>\nB. Estructura documental<br \/>\nC. Nombres y formatos<br \/>\nD. Controles de ingesta<br \/>\n6. Definici\u00f3n de un modelo de inventario y auditoria<br \/>\n7. Definici\u00f3n de un modelo de recuperaci\u00f3n<br \/>\n8. Definici\u00f3n de un modelo de evoluci\u00f3n de formatos<br \/>\n9. Definici\u00f3n de un modelo de restauraci\u00f3n y rescate<br \/>\nA. C\u00f3mo reconstruir a partir de mis copias<br \/>\nB. C\u00f3mo garantizar el acceso a los datos m\u00e1s all\u00e1 de los servicios que ofrece el proveedor<\/p>\n<\/div>\n<\/div>\n<\/div>\n<\/div>\n<p><span style=\"text-decoration: underline;\">Sesi\u00f3n 9. <strong>Definici\u00f3n del modelo de operaci\u00f3n<\/strong>\u2013 18 de febrero\u00a0del 2016<\/span><\/p>\n<p>1. Objetivos de un repositorio digital<br \/>\n2. C\u00f3mo se contempla una pol\u00edtica de PD dentro de un repositorio.<br \/>\n3. Principales amenazas de los recursos contenidos en un repositorio digital<br \/>\nA. Tecnol\u00f3gicas<br \/>\nB. Institucionales<br \/>\n4. La importancia de definir una pol\u00edtica de preservaci\u00f3n digital<\/p>\n<p><span style=\"text-decoration: underline;\">Sesi\u00f3n 10. <strong>Consideraciones adicionales y sesi\u00f3n de dudas<\/strong>\u2013 19 de febrero\u00a0del 2016<\/span><\/p>\n<p>1. Ejemplos pr\u00e1cticos<br \/>\n2. Casos de \u00e9xito<br \/>\n3. Enlaces de inter\u00e9s<\/p>\n<\/div>\n<\/div>\n<\/div>\n<\/div>\n<\/div>\n<\/div>\n<\/div>\n<\/div>\n<\/div>\n<\/div>\n<\/div>\n<\/div>\n<h3 style=\"text-align: justify;\">Precio<\/h3>\n<p style=\"text-align: justify;\">600 euros + IVA<\/p>\n<h3 style=\"text-align: justify;\">Solicita m\u00e1s informaci\u00f3n, nos ponemos en contacto contigo<\/h3>\n<p style=\"text-align: justify;\">\n\n<!-- Fast Secure Contact Form plugin 4.0.52 - begin - FastSecureContactForm.com -->\r\n<div style=\"clear:both;\"><\/div>\n\r\n<div id=\"FSContact11\" style=\"width:99%; max-width:555px;\">\r\n<form action=\"https:\/\/sorprendemos.com\/consultoresdocumentales\/index.php?rest_route=%2Fwp%2Fv2%2Fpages%2F7216#FSContact11\" id=\"fscf_form11\" method=\"post\">\r\n<fieldset id=\"fscf_form_fieldset11\" style=\"border:1px solid black; width:99%; max-width:550px; padding:10px;\">\n<legend>Formulario de contacto<\/legend>\n\n<div id=\"fscf_div_clear11_0\" style=\"clear:both;\">\n  <div id=\"fscf_div_field11_0\" style=\"clear:left; float:left; width:99%; max-width:550px; margin-right:10px;\">\r\n    <div style=\"text-align:left; padding-top:5px;\">\n      <label style=\"text-align:left;\" for=\"fscf_name11\">Nombre:<span style=\"text-align:left;\">*<\/span><\/label>\n    <\/div>\r\n    <div style=\"text-align:left;\">\r\n      <input style=\"text-align:left; margin:0; width:99%; max-width:250px;\" type=\"text\" id=\"fscf_name11\" name=\"full_name\" value=\"\"  readonly=\"readonly\" \/>\r\n    <\/div>\r\n  <\/div>\n<\/div>\n\n<div id=\"fscf_div_clear11_1\" style=\"clear:both;\">\n  <div id=\"fscf_div_field11_1\" style=\"clear:left; float:left; width:99%; max-width:550px; margin-right:10px;\">\n    <div style=\"text-align:left; padding-top:5px;\">\n      <label style=\"text-align:left;\" for=\"fscf_email11\">Correo Electr\u00f3nico:<span style=\"text-align:left;\">*<\/span><\/label>\n    <\/div>\n    <div style=\"text-align:left;\">\n      <input style=\"text-align:left; margin:0; width:99%; max-width:250px;\" type=\"text\" id=\"fscf_email11\" name=\"email\" value=\"\"  readonly=\"readonly\" \/>\n    <\/div>\n  <\/div>\n<\/div>\n\n<div id=\"fscf_div_clear11_4\" style=\"clear:both;\">\n  <div id=\"fscf_div_field11_4\" style=\"clear:left; float:left; width:99%; max-width:550px; margin-right:10px;\">\n    <div  id=\"fscf_label11_4\" style=\"text-align:left; padding-top:5px;\">\r\n      <label style=\"text-align:left;\" for=\"fscf_field11_4\">Tel\u00e9fono \/ Skype:<\/label>\n    <\/div>\n    <div style=\"text-align:left;\">\n      <input style=\"text-align:left; margin:0; width:99%; max-width:250px;\" type=\"text\" id=\"fscf_field11_4\" name=\"Telefono-Skype\" value=\"\"  \/>\n    <\/div>\n  <\/div>\n<\/div>\n\n<div id=\"fscf_div_clear11_5\" style=\"clear:both;\">\n  <div id=\"fscf_div_field11_5\" style=\"clear:left; float:left; width:99%; max-width:550px; margin-right:10px;\">\n    <div  id=\"fscf_label11_5\" style=\"text-align:left; padding-top:5px;\">\r\n      <label style=\"text-align:left;\" for=\"fscf_field11_5\">Organizaci\u00f3n y funciones desempe\u00f1adas:<\/label>\n    <\/div>\n    <div style=\"text-align:left;\">\n      <textarea style=\"text-align:left; margin:0; width:99%; max-width:250px; height:120px;\" id=\"fscf_field11_5\" name=\"Organizacion-y-funciones-desempenadas\" cols=\"30\" rows=\"10\" ><\/textarea>\n    <\/div>\n  <\/div>\n<\/div>\n\n<div id=\"fscf_div_clear11_3\" style=\"clear:both;\">\n  <div id=\"fscf_div_field11_3\" style=\"clear:left; float:left; width:99%; max-width:550px; margin-right:10px;\">\n    <div style=\"text-align:left; padding-top:5px;\">\n      <label style=\"text-align:left;\" for=\"fscf_field11_3\">Mensaje:<span style=\"text-align:left;\">*<\/span><\/label>\n    <\/div>\n    <div style=\"text-align:left;\">\n      <textarea style=\"text-align:left; margin:0; width:99%; max-width:250px; height:120px;\" id=\"fscf_field11_3\" name=\"message\" cols=\"30\" rows=\"10\" ><\/textarea>\n    <\/div>\n  <\/div>\n<\/div>\r\n<div style=\"clear:both;\"><\/div>\n\n<div style=\"text-align:left; padding-top:5px;\">\n<\/div>\n<div id=\"fscf_captcha_image_div11\" style=\"width:250px; height:65px; padding-top:2px;\">\n      <img loading=\"lazy\" decoding=\"async\" id=\"fscf_captcha_image11\" style=\"border-style:none; margin:0; padding:0px; padding-right:5px; float:left;\" src=\"https:\/\/sorprendemos.com\/consultoresdocumentales\/wp-content\/plugins\/si-contact-form\/captcha\/securimage_show.php?prefix=b9gMRLq8qtSLymnA\" width=\"175\" height=\"60\" alt=\"CAPTCHA\" title=\"CAPTCHA\" \/>\n      <input id=\"fscf_captcha_prefix11\" type=\"hidden\" name=\"fscf_captcha_prefix11\" value=\"b9gMRLq8qtSLymnA\" \/>\n     <div id=\"fscf_captcha_refresh11\">\n        <a href=\"#\" rel=\"nofollow\" title=\"Depurar\" onclick=\"fscf_captcha_refresh('11','\/consultoresdocumentales\/wp-content\/plugins\/si-contact-form\/captcha','https:\/\/sorprendemos.com\/consultoresdocumentales\/wp-content\/plugins\/si-contact-form\/captcha\/securimage_show.php?prefix='); return false;\">\n        <img loading=\"lazy\" decoding=\"async\" src=\"https:\/\/sorprendemos.com\/consultoresdocumentales\/wp-content\/plugins\/si-contact-form\/captcha\/images\/refresh.png\" width=\"22\" height=\"20\" alt=\"Depurar\" style=\"border-style:none; margin:0; padding:0px; vertical-align:bottom;\" onclick=\"this.blur();\" \/><\/a>\r\n     <\/div>\r\n<\/div>\r\n\r\n<div id=\"fscf_captcha_field11\" style=\"text-align:left; padding-top:5px;\">\r\n     <label style=\"text-align:left;\" for=\"fscf_captcha_code11\">C\u00f3digo CAPTCHA:<span style=\"text-align:left;\">*<\/span><\/label>\r\n<\/div>\r\n<div style=\"text-align:left;\">\n     <input style=\"text-align:left; margin:0; width:50px;\" type=\"text\" value=\"\" autocomplete=\"off\" id=\"fscf_captcha_code11\" name=\"captcha_code\"  \/>\n<\/div>\n\n<div id=\"fscf_submit_div11\" style=\"text-align:left; clear:both; padding-top:15px;\">\r\n\t\t<input type=\"submit\" id=\"fscf_submit11\" style=\"cursor:pointer; margin:0;\" value=\"Enviar\"  onclick=\"this.disabled=true; this.value='Enviando....'; this.form.submit();\" \/> \n<\/div>\n<\/fieldset>\n\n<input type=\"hidden\" name=\"fscf_submitted\" value=\"0\" \/>\n<input type=\"hidden\" name=\"fs_postonce_11\" value=\"dce296a93129271cc78d8734bc82154a,1776656183\" \/>\n<input type=\"hidden\" name=\"si_contact_action\" value=\"send\" \/>\n<input type=\"hidden\" name=\"form_id\" value=\"11\" \/>\n<input type=\"hidden\" name=\"mailto_id\" value=\"1\" \/>\n\n<\/form>\n<\/div>\r\n<div style=\"clear:both;\"><\/div>\n\n<!-- Fast Secure Contact Form plugin 4.0.52 - end - FastSecureContactForm.com -->\n<\/p>\n<p style=\"text-align: justify;\">En cumplimiento con lo dispuesto en la Ley Org\u00e1nica 15\/1999, de 13 de diciembre, de Protecci\u00f3n de Datos de Car\u00e1cter Personal (\u201cLOPD\u201d), te informamos de que los datos personales e informaci\u00f3n que incorpores al formulario electr\u00f3nico habilitado al efecto y toda la documentaci\u00f3n que nos remitas en formato electr\u00f3nico o en papel (\u201cDatos\u201d), ser\u00e1n incorporados en un fichero de datos de car\u00e1cter personal titularidad de Emilio Sanz Santos. La finalidad del tratamiento de tus Datos es dar curso a tu solicitud de contacto o de petici\u00f3n de servicios. <a href=\"http:\/\/sorprendemos.com\/consultoresdocumentales\/?page_id=1709\/\" target=\"_blank\">Consulte nuestro aviso legal y pol\u00edtica de privacidad<\/a>.<\/p>\n","protected":false},"excerpt":{"rendered":"<p>Objetivo Que los participantes puedan definir y ejecutar un plan de actividades para el dise\u00f1o de un repositorio institucional acompa\u00f1ado de una pol\u00edtica de preservaci\u00f3n digital, considerando las diferentes alternativas que actualmente existen, as\u00ed como las caracter\u00edsticas particulares del acervo, y de acuerdo con est\u00e1ndares internacionales. Perfil participantes Bibliotecario Administrador Bibliotecario Catalogador o perfil acad\u00e9mico [&hellip;]<\/p>\n","protected":false},"author":8,"featured_media":0,"parent":0,"menu_order":0,"comment_status":"closed","ping_status":"closed","template":"","meta":{"_et_pb_use_builder":"","_et_pb_old_content":"","_et_gb_content_width":"","_monsterinsights_skip_tracking":false,"_monsterinsights_sitenote_active":false,"_monsterinsights_sitenote_note":"","_monsterinsights_sitenote_category":0,"footnotes":""},"class_list":["post-7216","page","type-page","status-publish","hentry"],"yoast_head":"<!-- This site is optimized with the Yoast SEO plugin v27.3 - https:\/\/yoast.com\/product\/yoast-seo-wordpress\/ -->\r\n<title>Repositorios digitales y estrategias de preservaci\u00f3n digital<\/title>\r\n<meta name=\"description\" content=\"Definir y ejecutar un plan de actividades para el dise\u00f1o de un repositorio institucional acompa\u00f1ado de una pol\u00edtica de preservaci\u00f3n digital\" \/>\r\n<meta name=\"robots\" content=\"index, follow, max-snippet:-1, max-image-preview:large, max-video-preview:-1\" \/>\r\n<link rel=\"canonical\" href=\"https:\/\/sorprendemos.com\/consultoresdocumentales\/?page_id=7216\" \/>\r\n<meta name=\"twitter:label1\" content=\"Tiempo de lectura\" \/>\n\t<meta name=\"twitter:data1\" content=\"5 minutos\" \/>\r\n<script type=\"application\/ld+json\" class=\"yoast-schema-graph\">{\"@context\":\"https:\\\/\\\/schema.org\",\"@graph\":[{\"@type\":\"WebPage\",\"@id\":\"https:\\\/\\\/sorprendemos.com\\\/consultoresdocumentales\\\/?page_id=7216\",\"url\":\"https:\\\/\\\/sorprendemos.com\\\/consultoresdocumentales\\\/?page_id=7216\",\"name\":\"Repositorios digitales y estrategias de preservaci\u00f3n digital\",\"isPartOf\":{\"@id\":\"https:\\\/\\\/sorprendemos.com\\\/consultoresdocumentales\\\/#website\"},\"primaryImageOfPage\":{\"@id\":\"https:\\\/\\\/sorprendemos.com\\\/consultoresdocumentales\\\/?page_id=7216#primaryimage\"},\"image\":{\"@id\":\"https:\\\/\\\/sorprendemos.com\\\/consultoresdocumentales\\\/?page_id=7216#primaryimage\"},\"thumbnailUrl\":\"http:\\\/\\\/sorprendemos.com\\\/consultoresdocumentales\\\/wp-content\\\/uploads\\\/2015\\\/02\\\/escireconopra.gif\",\"datePublished\":\"2016-01-21T18:02:18+00:00\",\"dateModified\":\"2016-01-21T18:23:01+00:00\",\"description\":\"Definir y ejecutar un plan de actividades para el dise\u00f1o de un repositorio institucional acompa\u00f1ado de una pol\u00edtica de preservaci\u00f3n digital\",\"breadcrumb\":{\"@id\":\"https:\\\/\\\/sorprendemos.com\\\/consultoresdocumentales\\\/?page_id=7216#breadcrumb\"},\"inLanguage\":\"es\",\"potentialAction\":[{\"@type\":\"ReadAction\",\"target\":[\"https:\\\/\\\/sorprendemos.com\\\/consultoresdocumentales\\\/?page_id=7216\"]}]},{\"@type\":\"ImageObject\",\"inLanguage\":\"es\",\"@id\":\"https:\\\/\\\/sorprendemos.com\\\/consultoresdocumentales\\\/?page_id=7216#primaryimage\",\"url\":\"http:\\\/\\\/sorprendemos.com\\\/consultoresdocumentales\\\/wp-content\\\/uploads\\\/2015\\\/02\\\/escireconopra.gif\",\"contentUrl\":\"http:\\\/\\\/sorprendemos.com\\\/consultoresdocumentales\\\/wp-content\\\/uploads\\\/2015\\\/02\\\/escireconopra.gif\"},{\"@type\":\"BreadcrumbList\",\"@id\":\"https:\\\/\\\/sorprendemos.com\\\/consultoresdocumentales\\\/?page_id=7216#breadcrumb\",\"itemListElement\":[{\"@type\":\"ListItem\",\"position\":1,\"name\":\"Portada\",\"item\":\"https:\\\/\\\/sorprendemos.com\\\/consultoresdocumentales\"},{\"@type\":\"ListItem\",\"position\":2,\"name\":\"Taller sobre planificaci\u00f3n de repositorios digitales y estrategias de preservaci\u00f3n digital\"}]},{\"@type\":\"WebSite\",\"@id\":\"https:\\\/\\\/sorprendemos.com\\\/consultoresdocumentales\\\/#website\",\"url\":\"https:\\\/\\\/sorprendemos.com\\\/consultoresdocumentales\\\/\",\"name\":\"Consultores Documentales\",\"description\":\"Dise\u00f1o, planificaci\u00f3n, implantaci\u00f3n, operaci\u00f3n y gesti\u00f3n de proyectos y servicios\",\"potentialAction\":[{\"@type\":\"SearchAction\",\"target\":{\"@type\":\"EntryPoint\",\"urlTemplate\":\"https:\\\/\\\/sorprendemos.com\\\/consultoresdocumentales\\\/?s={search_term_string}\"},\"query-input\":{\"@type\":\"PropertyValueSpecification\",\"valueRequired\":true,\"valueName\":\"search_term_string\"}}],\"inLanguage\":\"es\"}]}<\/script>\r\n<!-- \/ Yoast SEO plugin. -->","yoast_head_json":{"title":"Repositorios digitales y estrategias de preservaci\u00f3n digital","description":"Definir y ejecutar un plan de actividades para el dise\u00f1o de un repositorio institucional acompa\u00f1ado de una pol\u00edtica de preservaci\u00f3n digital","robots":{"index":"index","follow":"follow","max-snippet":"max-snippet:-1","max-image-preview":"max-image-preview:large","max-video-preview":"max-video-preview:-1"},"canonical":"https:\/\/sorprendemos.com\/consultoresdocumentales\/?page_id=7216","twitter_misc":{"Tiempo de lectura":"5 minutos"},"schema":{"@context":"https:\/\/schema.org","@graph":[{"@type":"WebPage","@id":"https:\/\/sorprendemos.com\/consultoresdocumentales\/?page_id=7216","url":"https:\/\/sorprendemos.com\/consultoresdocumentales\/?page_id=7216","name":"Repositorios digitales y estrategias de preservaci\u00f3n digital","isPartOf":{"@id":"https:\/\/sorprendemos.com\/consultoresdocumentales\/#website"},"primaryImageOfPage":{"@id":"https:\/\/sorprendemos.com\/consultoresdocumentales\/?page_id=7216#primaryimage"},"image":{"@id":"https:\/\/sorprendemos.com\/consultoresdocumentales\/?page_id=7216#primaryimage"},"thumbnailUrl":"http:\/\/sorprendemos.com\/consultoresdocumentales\/wp-content\/uploads\/2015\/02\/escireconopra.gif","datePublished":"2016-01-21T18:02:18+00:00","dateModified":"2016-01-21T18:23:01+00:00","description":"Definir y ejecutar un plan de actividades para el dise\u00f1o de un repositorio institucional acompa\u00f1ado de una pol\u00edtica de preservaci\u00f3n digital","breadcrumb":{"@id":"https:\/\/sorprendemos.com\/consultoresdocumentales\/?page_id=7216#breadcrumb"},"inLanguage":"es","potentialAction":[{"@type":"ReadAction","target":["https:\/\/sorprendemos.com\/consultoresdocumentales\/?page_id=7216"]}]},{"@type":"ImageObject","inLanguage":"es","@id":"https:\/\/sorprendemos.com\/consultoresdocumentales\/?page_id=7216#primaryimage","url":"http:\/\/sorprendemos.com\/consultoresdocumentales\/wp-content\/uploads\/2015\/02\/escireconopra.gif","contentUrl":"http:\/\/sorprendemos.com\/consultoresdocumentales\/wp-content\/uploads\/2015\/02\/escireconopra.gif"},{"@type":"BreadcrumbList","@id":"https:\/\/sorprendemos.com\/consultoresdocumentales\/?page_id=7216#breadcrumb","itemListElement":[{"@type":"ListItem","position":1,"name":"Portada","item":"https:\/\/sorprendemos.com\/consultoresdocumentales"},{"@type":"ListItem","position":2,"name":"Taller sobre planificaci\u00f3n de repositorios digitales y estrategias de preservaci\u00f3n digital"}]},{"@type":"WebSite","@id":"https:\/\/sorprendemos.com\/consultoresdocumentales\/#website","url":"https:\/\/sorprendemos.com\/consultoresdocumentales\/","name":"Consultores Documentales","description":"Dise\u00f1o, planificaci\u00f3n, implantaci\u00f3n, operaci\u00f3n y gesti\u00f3n de proyectos y servicios","potentialAction":[{"@type":"SearchAction","target":{"@type":"EntryPoint","urlTemplate":"https:\/\/sorprendemos.com\/consultoresdocumentales\/?s={search_term_string}"},"query-input":{"@type":"PropertyValueSpecification","valueRequired":true,"valueName":"search_term_string"}}],"inLanguage":"es"}]}},"_links":{"self":[{"href":"https:\/\/sorprendemos.com\/consultoresdocumentales\/index.php?rest_route=\/wp\/v2\/pages\/7216","targetHints":{"allow":["GET"]}}],"collection":[{"href":"https:\/\/sorprendemos.com\/consultoresdocumentales\/index.php?rest_route=\/wp\/v2\/pages"}],"about":[{"href":"https:\/\/sorprendemos.com\/consultoresdocumentales\/index.php?rest_route=\/wp\/v2\/types\/page"}],"author":[{"embeddable":true,"href":"https:\/\/sorprendemos.com\/consultoresdocumentales\/index.php?rest_route=\/wp\/v2\/users\/8"}],"replies":[{"embeddable":true,"href":"https:\/\/sorprendemos.com\/consultoresdocumentales\/index.php?rest_route=%2Fwp%2Fv2%2Fcomments&post=7216"}],"version-history":[{"count":0,"href":"https:\/\/sorprendemos.com\/consultoresdocumentales\/index.php?rest_route=\/wp\/v2\/pages\/7216\/revisions"}],"wp:attachment":[{"href":"https:\/\/sorprendemos.com\/consultoresdocumentales\/index.php?rest_route=%2Fwp%2Fv2%2Fmedia&parent=7216"}],"curies":[{"name":"wp","href":"https:\/\/api.w.org\/{rel}","templated":true}]}}