{"id":6756,"date":"2015-02-13T03:01:02","date_gmt":"2015-02-13T01:01:02","guid":{"rendered":"http:\/\/sorprendemos.com\/consultoresdocumentales\/?page_id=6756"},"modified":"2016-01-21T19:32:02","modified_gmt":"2016-01-21T17:32:02","slug":"taller-online-para-la-implementacion-de-dspace-como-herramienta-de-gestion-de-repositorios-institucionales","status":"publish","type":"page","link":"https:\/\/sorprendemos.com\/consultoresdocumentales\/?page_id=6756","title":{"rendered":"Taller online para la implementaci\u00f3n de DSpace como herramienta de gesti\u00f3n de Repositorios Institucionales"},"content":{"rendered":"<p style=\"text-align: center;\"><img loading=\"lazy\" decoding=\"async\" class=\"aligncenter wp-image-6754 size-full\" src=\"http:\/\/sorprendemos.com\/consultoresdocumentales\/wp-content\/uploads\/2015\/02\/escireconopra.gif\" alt=\"escire&amp;conopra\" width=\"660\" height=\"198\" \/><\/p>\n<h3 style=\"text-align: justify;\"><img loading=\"lazy\" decoding=\"async\" class=\" alignleft wp-image-6771\" src=\"http:\/\/sorprendemos.com\/consultoresdocumentales\/wp-content\/uploads\/2015\/02\/Dspace2.gif\" alt=\"Dspace\" width=\"209\" height=\"97\" \/><\/h3>\n<h3><strong>Objetivo<\/strong><\/h3>\n<p style=\"text-align: justify;\">Lograr que los alumnos inscritos al taller puedan implementar y habilitar todas las herramientas complementarias y dar mantenimiento al sistema DSpace.<\/p>\n<h3><strong>Perfil participantes<\/strong><\/h3>\n<ul>\n<li>T\u00e9cnicos<\/li>\n<li>Profesionales con experiencia como recolectores de informaci\u00f3n<\/li>\n<li>Administradores de sistemas de informaci\u00f3n<\/li>\n<li>Administradores de TI<\/li>\n<li>Desarrolladores de software<\/li>\n<\/ul>\n<h3><strong>Duraci\u00f3n<\/strong><\/h3>\n<p style=\"text-align: justify;\">12 sesiones, 2 sesiones por semana los martes y viernes, \u00a010:00 horas, hora del centro de M\u00e9xico.<\/p>\n<p class=\"p1\" style=\"text-align: justify;\"><span class=\"s1\">La duraci\u00f3n de las sesiones var\u00eda de 1 a 2\u00a0horas. Todas las sesiones son grabadas a fin de que puedan ser consultadas posteriormente por los alumnos en caso de existir dudas o bien para reafirmar conocimientos.<\/span><\/p>\n<p class=\"p1\" style=\"text-align: justify;\"><span class=\"s1\">Los alumnos deben dedicar un m\u00ednimo de 3 horas a la semana para la realizaci\u00f3n de pr\u00e1cticas en la plataforma de DSpace\u00a0demo o bien en sus propias instalaciones, que ser\u00e1n evaluadas y formar\u00e1n parte de la calificaci\u00f3n final del taller.<\/span><\/p>\n<h3 class=\"p1\"><span class=\"s1\"><b>Modalidad<\/b><\/span><\/h3>\n<p class=\"p2\" style=\"text-align: justify;\"><span class=\"s1\">Las sesiones se imparten a distancia, en tiempo real a trav\u00e9s de nuestra aula virtual, apoyandonos con Webex y quedan almacenadas para su consulta posterior por parte de los alumnos en caso de ser necesario. Lo \u00fanico que necesitas es tener una ordenador con acceso a internet y altavoces y si es posible disponer de\u00a0micr\u00f3fono.\u00a0<\/span><\/p>\n<h3 class=\"p1\"><span class=\"s1\"><b>Instructores<\/b><\/span><\/h3>\n<ul class=\"ul1\">\n<li class=\"li2\">Alejandra Tenorio<\/li>\n<li class=\"li2\">Juli\u00e1n Timal<\/li>\n<\/ul>\n<h3 class=\"p1\"><span class=\"s1\"><b>Temario y fechas<\/b><\/span><\/h3>\n<p class=\"p1\"><span style=\"text-decoration: underline;\"><span class=\"s1\">Sesi\u00f3n 1.<b>\u00a0Introducci\u00f3n y Administraci\u00f3n parte I<\/b>\u00a0\u2013 1 de marzo de 2016<\/span><\/span><\/p>\n<p>Introducci\u00f3n a Dspace<\/p>\n<p>\u00bfQu\u00e9 es un repositorio digital?<\/p>\n<p>Uso de DSpace<\/p>\n<p style=\"padding-left: 30px;\">a. Comunidades y colecciones<\/p>\n<p style=\"padding-left: 30px;\">b. Estructura de navegaci\u00f3n<\/p>\n<p style=\"padding-left: 30px;\">c. \u00cdndices<\/p>\n<p style=\"padding-left: 30px;\">d. B\u00fasquedas, facetas y Discovery<\/p>\n<p style=\"padding-left: 30px;\">e. Ficha<\/p>\n<p>Introducci\u00f3n administraci\u00f3n de Dspace<\/p>\n<p style=\"padding-left: 30px;\">a. \u00bfQu\u00e9 son los metadatos?<\/p>\n<p style=\"padding-left: 30px;\">b. \u00bfQu\u00e9 es Dublin Core?<\/p>\n<p style=\"padding-left: 30px;\">c. Esquema de datos en DSpace<\/p>\n<ul>\n<li>\u00a0 \u00a0 Comunidades, Colecciones, \u00cdtems, Bundles, Bitstreams.<\/li>\n<\/ul>\n<p>Organizaci\u00f3n de DSpace<\/p>\n<p style=\"padding-left: 30px;\">a. Crear\/agregar metadatos al esquema dublin core<\/p>\n<p style=\"padding-left: 30px;\">b. Creaci\u00f3n de Comunidades y Sub-comunidades<\/p>\n<p style=\"padding-left: 30px;\">c. Creaci\u00f3n de Colecciones<\/p>\n<p style=\"padding-left: 30px;\">d. Agregar un \u00edtem a una colecci\u00f3n<\/p>\n<p style=\"padding-left: 30px;\">e. Editar\/Eliminar Colecciones y Comunidades<\/p>\n<p style=\"padding-left: 30px;\">f. Editar \u00edtems<\/p>\n<ul>\n<li>\u00a0 \u00a0Actualizar\/Eliminar archivos<\/li>\n<li>\u00a0 \u00a0Actualizar metadatos<\/li>\n<li>\u00a0 \u00a0Retirar \u00edtem del repositorio<\/li>\n<li>\u00a0 \u00a0Mover \u00edtem a otra colecci\u00f3n<\/li>\n<li>\u00a0 \u00a0Hacer privado un \u00edtem<\/li>\n<\/ul>\n<p>Mapear \u00edtems entre colecciones<\/p>\n<p class=\"p1\"><span style=\"text-decoration: underline;\"><span class=\"s1\">Sesi\u00f3n 2. <strong>Administraci\u00f3n parte II<\/strong>\u2013\u00a04 de marzo de 2016<\/span><\/span><\/p>\n<p>Gesti\u00f3n de usuarios, grupos y privilegios<\/p>\n<ul>\n<li>Introducci\u00f3n<\/li>\n<li>Crear\/Listar\/Borrar usuarios<\/li>\n<li>Crear\/Listar\/Borrar grupos<\/li>\n<li>Privilegios de Comunidades<\/li>\n<li>Privilegios de Colecciones<\/li>\n<li>Privilegios de \u00edtems<\/li>\n<li>Privilegios por bloques<\/li>\n<\/ul>\n<p>Informaci\u00f3n del panel de control<\/p>\n<p class=\"p1\"><span style=\"text-decoration: underline;\"><span class=\"s1\">Sesi\u00f3n 3.\u00a0<strong>Instalaci\u00f3n de requerimientos- 8<\/strong>\u00a0de marzo de 2016<\/span><\/span><\/p>\n<ul>\n<li>Oracle Java JDK 7 \/ Open JDK 7<\/li>\n<li>Apache Maven 3.0.5+<\/li>\n<li>Apache Ant 1.8+<\/li>\n<li>PostgreSQL 9.0+<\/li>\n<li>Apache Tomcat 7+<\/li>\n<li>Variables de Entorno<\/li>\n<\/ul>\n<p class=\"p1\"><span style=\"text-decoration: underline;\"><span class=\"s1\">Sesi\u00f3n 4.\u00a0<strong>Instalaci\u00f3n de DSpace-\u00a0<\/strong>11 de marzo de 2016<\/span><\/span><\/p>\n<ul>\n<li>Descarga del Proyecto (DSpace ver 5)<\/li>\n<li>Usuarios y Base de Datos<\/li>\n<li>Configuraciones iniciales y empaquetado<\/li>\n<li>Configuraci\u00f3n de Apache Tomcat<\/li>\n<li>Creaci\u00f3n de usuario administrador<\/li>\n<\/ul>\n<p class=\"p1\"><span style=\"text-decoration: underline;\"><span class=\"s1\">Sesi\u00f3n 5.\u00a0<strong>Editing e Internacionalizaci\u00f3n-\u00a0<\/strong>15 de marzo de 2016<\/span><\/span><\/p>\n<p>Importaci\u00f3n por bloques<\/p>\n<p>Metadata Editing<\/p>\n<p>Internacionalizaci\u00f3n<\/p>\n<ul>\n<li>Configuraci\u00f3n Global<\/li>\n<li>Licencia<\/li>\n<li>Plantillas de Correo<\/li>\n<\/ul>\n<p>Etiquetas<\/p>\n<p class=\"p1\"><span style=\"text-decoration: underline;\"><span class=\"s1\">Sesi\u00f3n 6. <strong>Submission-\u00a0<\/strong>18 de marzo de 2016<\/span><\/span><\/p>\n<p>Configurando del proceso de publicaci\u00f3n<\/p>\n<p>Configurando formularios<\/p>\n<p>Configurando licencias<\/p>\n<p class=\"p1\"><span style=\"text-decoration: underline;\"><span class=\"s1\">Sesi\u00f3n 7. <strong>M\u00f3dulo Discovery<\/strong>\u00a0\u2013\u00a022 de marzo de 2016<\/span><\/span><\/p>\n<p>Discovery<\/p>\n<ul>\n<li>Configuraci\u00f3n facetas, filtros y criterios de b\u00fasqueda<\/li>\n<li>Opciones de ordenamiento<\/li>\n<li>Highlighting<\/li>\n<\/ul>\n<p>\u00cdndices de Navegaci\u00f3n<\/p>\n<p class=\"p1\"><span style=\"text-decoration: underline;\"><span class=\"s1\">Sesi\u00f3n 8.\u00a0<strong>OAI y Handle System<\/strong>\u00a0\u2013 29 de marzo de 2016<\/span><\/span><\/p>\n<p>OAI Server<\/p>\n<p>OAI Client<\/p>\n<p>Handle System<\/p>\n<ul>\n<li>Registro y asignaci\u00f3n \u00a0prefijo<\/li>\n<\/ul>\n<p>Configuraci\u00f3n<\/p>\n<p class=\"p1\"><span style=\"text-decoration: underline;\"><span class=\"s1\">Sesi\u00f3n 9. <strong>Look &amp; Feel \u2013 JSPUI<\/strong>\u00a0\u2013\u00a01 de abril de 2016<\/span><\/span><\/p>\n<p>Estructura de la interfaz<\/p>\n<p>Personalizaci\u00f3n de dise\u00f1o<\/p>\n<p>CSS y Consulta del API<\/p>\n<p class=\"p1\"><span style=\"text-decoration: underline;\"><span class=\"s1\">Sesi\u00f3n 10. <strong>Look &amp; Feel \u2013 XMLUI<\/strong> \u2013 5 de abril de 2016<\/span><\/span><\/p>\n<p>Estructura de la interfaz<\/p>\n<p>Configuraci\u00f3n de Temas por colecciones y comunidades<\/p>\n<p>Ficha y listados de resultados<\/p>\n<p>Activaci\u00f3n tema Mirage 2<\/p>\n<p>CSS y Consulta del API<\/p>\n<p class=\"p1\"><span style=\"text-decoration: underline;\">Sesi\u00f3n 11.\u00a0<strong>Media Filters <\/strong>\u2013\u00a08 de abril de 2016<\/span><\/p>\n<p>Configuraci\u00f3n de Media Filters<\/p>\n<ul>\n<li>Texto<\/li>\n<li>Miniaturas<\/li>\n<\/ul>\n<p>Mantenimiento<\/p>\n<ul>\n<li>Tareas de mantenimiento (crons)<\/li>\n<li>Uso de comando DSpace en consola<\/li>\n<\/ul>\n<p class=\"p1\"><span style=\"text-decoration: underline;\">Sesi\u00f3n 12.\u00a0<strong>Respaldos \u2013\u00a0<\/strong>12 de abril de 2016<\/span><\/p>\n<p>Respaldos tradicionales<\/p>\n<p>AIP<\/p>\n<h3>Precio<\/h3>\n<p>600 euros + IVA<\/p>\n<h3>Solicita m\u00e1s informaci\u00f3n, nos ponemos en contacto contigo<\/h3>\n\n\n<!-- Fast Secure Contact Form plugin 4.0.52 - begin - FastSecureContactForm.com -->\r\n<div style=\"clear:both;\"><\/div>\n\r\n<div id=\"FSContact11\" style=\"width:99%; max-width:555px;\">\r\n<form action=\"https:\/\/sorprendemos.com\/consultoresdocumentales\/index.php?rest_route=%2Fwp%2Fv2%2Fpages%2F6756#FSContact11\" id=\"fscf_form11\" method=\"post\">\r\n<fieldset id=\"fscf_form_fieldset11\" style=\"border:1px solid black; width:99%; max-width:550px; padding:10px;\">\n<legend>Formulario de contacto<\/legend>\n\n<div id=\"fscf_div_clear11_0\" style=\"clear:both;\">\n  <div id=\"fscf_div_field11_0\" style=\"clear:left; float:left; width:99%; max-width:550px; margin-right:10px;\">\r\n    <div style=\"text-align:left; padding-top:5px;\">\n      <label style=\"text-align:left;\" for=\"fscf_name11\">Nombre:<span style=\"text-align:left;\">*<\/span><\/label>\n    <\/div>\r\n    <div style=\"text-align:left;\">\r\n      <input style=\"text-align:left; margin:0; width:99%; max-width:250px;\" type=\"text\" id=\"fscf_name11\" name=\"full_name\" value=\"\"  readonly=\"readonly\" \/>\r\n    <\/div>\r\n  <\/div>\n<\/div>\n\n<div id=\"fscf_div_clear11_1\" style=\"clear:both;\">\n  <div id=\"fscf_div_field11_1\" style=\"clear:left; float:left; width:99%; max-width:550px; margin-right:10px;\">\n    <div style=\"text-align:left; padding-top:5px;\">\n      <label style=\"text-align:left;\" for=\"fscf_email11\">Correo Electr\u00f3nico:<span style=\"text-align:left;\">*<\/span><\/label>\n    <\/div>\n    <div style=\"text-align:left;\">\n      <input style=\"text-align:left; margin:0; width:99%; max-width:250px;\" type=\"text\" id=\"fscf_email11\" name=\"email\" value=\"\"  readonly=\"readonly\" \/>\n    <\/div>\n  <\/div>\n<\/div>\n\n<div id=\"fscf_div_clear11_4\" style=\"clear:both;\">\n  <div id=\"fscf_div_field11_4\" style=\"clear:left; float:left; width:99%; max-width:550px; margin-right:10px;\">\n    <div  id=\"fscf_label11_4\" style=\"text-align:left; padding-top:5px;\">\r\n      <label style=\"text-align:left;\" for=\"fscf_field11_4\">Tel\u00e9fono \/ Skype:<\/label>\n    <\/div>\n    <div style=\"text-align:left;\">\n      <input style=\"text-align:left; margin:0; width:99%; max-width:250px;\" type=\"text\" id=\"fscf_field11_4\" name=\"Telefono-Skype\" value=\"\"  \/>\n    <\/div>\n  <\/div>\n<\/div>\n\n<div id=\"fscf_div_clear11_5\" style=\"clear:both;\">\n  <div id=\"fscf_div_field11_5\" style=\"clear:left; float:left; width:99%; max-width:550px; margin-right:10px;\">\n    <div  id=\"fscf_label11_5\" style=\"text-align:left; padding-top:5px;\">\r\n      <label style=\"text-align:left;\" for=\"fscf_field11_5\">Organizaci\u00f3n y funciones desempe\u00f1adas:<\/label>\n    <\/div>\n    <div style=\"text-align:left;\">\n      <textarea style=\"text-align:left; margin:0; width:99%; max-width:250px; height:120px;\" id=\"fscf_field11_5\" name=\"Organizacion-y-funciones-desempenadas\" cols=\"30\" rows=\"10\" ><\/textarea>\n    <\/div>\n  <\/div>\n<\/div>\n\n<div id=\"fscf_div_clear11_3\" style=\"clear:both;\">\n  <div id=\"fscf_div_field11_3\" style=\"clear:left; float:left; width:99%; max-width:550px; margin-right:10px;\">\n    <div style=\"text-align:left; padding-top:5px;\">\n      <label style=\"text-align:left;\" for=\"fscf_field11_3\">Mensaje:<span style=\"text-align:left;\">*<\/span><\/label>\n    <\/div>\n    <div style=\"text-align:left;\">\n      <textarea style=\"text-align:left; margin:0; width:99%; max-width:250px; height:120px;\" id=\"fscf_field11_3\" name=\"message\" cols=\"30\" rows=\"10\" ><\/textarea>\n    <\/div>\n  <\/div>\n<\/div>\r\n<div style=\"clear:both;\"><\/div>\n\n<div style=\"text-align:left; padding-top:5px;\">\n<\/div>\n<div id=\"fscf_captcha_image_div11\" style=\"width:250px; height:65px; padding-top:2px;\">\n      <img loading=\"lazy\" decoding=\"async\" id=\"fscf_captcha_image11\" style=\"border-style:none; margin:0; padding:0px; padding-right:5px; float:left;\" src=\"https:\/\/sorprendemos.com\/consultoresdocumentales\/wp-content\/plugins\/si-contact-form\/captcha\/securimage_show.php?prefix=taEXQQLAVHMLffcg\" width=\"175\" height=\"60\" alt=\"CAPTCHA\" title=\"CAPTCHA\" \/>\n      <input id=\"fscf_captcha_prefix11\" type=\"hidden\" name=\"fscf_captcha_prefix11\" value=\"taEXQQLAVHMLffcg\" \/>\n     <div id=\"fscf_captcha_refresh11\">\n        <a href=\"#\" rel=\"nofollow\" title=\"Depurar\" onclick=\"fscf_captcha_refresh('11','\/consultoresdocumentales\/wp-content\/plugins\/si-contact-form\/captcha','https:\/\/sorprendemos.com\/consultoresdocumentales\/wp-content\/plugins\/si-contact-form\/captcha\/securimage_show.php?prefix='); return false;\">\n        <img loading=\"lazy\" decoding=\"async\" src=\"https:\/\/sorprendemos.com\/consultoresdocumentales\/wp-content\/plugins\/si-contact-form\/captcha\/images\/refresh.png\" width=\"22\" height=\"20\" alt=\"Depurar\" style=\"border-style:none; margin:0; padding:0px; vertical-align:bottom;\" onclick=\"this.blur();\" \/><\/a>\r\n     <\/div>\r\n<\/div>\r\n\r\n<div id=\"fscf_captcha_field11\" style=\"text-align:left; padding-top:5px;\">\r\n     <label style=\"text-align:left;\" for=\"fscf_captcha_code11\">C\u00f3digo CAPTCHA:<span style=\"text-align:left;\">*<\/span><\/label>\r\n<\/div>\r\n<div style=\"text-align:left;\">\n     <input style=\"text-align:left; margin:0; width:50px;\" type=\"text\" value=\"\" autocomplete=\"off\" id=\"fscf_captcha_code11\" name=\"captcha_code\"  \/>\n<\/div>\n\n<div id=\"fscf_submit_div11\" style=\"text-align:left; clear:both; padding-top:15px;\">\r\n\t\t<input type=\"submit\" id=\"fscf_submit11\" style=\"cursor:pointer; margin:0;\" value=\"Enviar\"  onclick=\"this.disabled=true; this.value='Enviando....'; this.form.submit();\" \/> \n<\/div>\n<\/fieldset>\n\n<input type=\"hidden\" name=\"fscf_submitted\" value=\"0\" \/>\n<input type=\"hidden\" name=\"fs_postonce_11\" value=\"592dfd5d7df35c9a92da9755d4d8a3e6,1776628688\" \/>\n<input type=\"hidden\" name=\"si_contact_action\" value=\"send\" \/>\n<input type=\"hidden\" name=\"form_id\" value=\"11\" \/>\n<input type=\"hidden\" name=\"mailto_id\" value=\"1\" \/>\n\n<\/form>\n<\/div>\r\n<div style=\"clear:both;\"><\/div>\n\n<!-- Fast Secure Contact Form plugin 4.0.52 - end - FastSecureContactForm.com -->\n\n<p style=\"text-align: justify;\">En cumplimiento con lo dispuesto en la Ley Org\u00e1nica 15\/1999, de 13 de diciembre, de Protecci\u00f3n de Datos de Car\u00e1cter Personal (\u201cLOPD\u201d), te informamos de que los datos personales e informaci\u00f3n que incorpores al formulario electr\u00f3nico habilitado al efecto y toda la documentaci\u00f3n que nos remitas en formato electr\u00f3nico o en papel (\u201cDatos\u201d), ser\u00e1n incorporados en un fichero de datos de car\u00e1cter personal titularidad de Emilio Sanz Santos. La finalidad del tratamiento de tus Datos es dar curso a tu solicitud de contacto o de petici\u00f3n de servicios. <a href=\"http:\/\/sorprendemos.com\/consultoresdocumentales\/?page_id=1709\/\" target=\"_blank\">Consulte nuestro aviso legal y pol\u00edtica de privacidad<\/a>.<\/p>\n","protected":false},"excerpt":{"rendered":"<p>Objetivo Lograr que los alumnos inscritos al taller puedan implementar y habilitar todas las herramientas complementarias y dar mantenimiento al sistema DSpace. Perfil participantes T\u00e9cnicos Profesionales con experiencia como recolectores de informaci\u00f3n Administradores de sistemas de informaci\u00f3n Administradores de TI Desarrolladores de software Duraci\u00f3n 12 sesiones, 2 sesiones por semana los martes y viernes, \u00a010:00 [&hellip;]<\/p>\n","protected":false},"author":8,"featured_media":0,"parent":0,"menu_order":0,"comment_status":"open","ping_status":"open","template":"","meta":{"_et_pb_use_builder":"","_et_pb_old_content":"","_et_gb_content_width":"","_monsterinsights_skip_tracking":false,"_monsterinsights_sitenote_active":false,"_monsterinsights_sitenote_note":"","_monsterinsights_sitenote_category":0,"footnotes":""},"class_list":["post-6756","page","type-page","status-publish","hentry"],"yoast_head":"<!-- This site is optimized with the Yoast SEO plugin v27.3 - https:\/\/yoast.com\/product\/yoast-seo-wordpress\/ -->\r\n<title>Taller online para la implementaci\u00f3n de DSpace<\/title>\r\n<meta name=\"description\" content=\"Implementaci\u00f3n de DSpace como herramienta de gesti\u00f3n de Repositorios Institucionales\" \/>\r\n<meta name=\"robots\" content=\"index, follow, max-snippet:-1, max-image-preview:large, max-video-preview:-1\" \/>\r\n<link rel=\"canonical\" href=\"https:\/\/sorprendemos.com\/consultoresdocumentales\/?page_id=6756\" \/>\r\n<meta name=\"twitter:label1\" content=\"Tiempo de lectura\" \/>\n\t<meta name=\"twitter:data1\" content=\"4 minutos\" \/>\r\n<script type=\"application\/ld+json\" class=\"yoast-schema-graph\">{\"@context\":\"https:\\\/\\\/schema.org\",\"@graph\":[{\"@type\":\"WebPage\",\"@id\":\"https:\\\/\\\/sorprendemos.com\\\/consultoresdocumentales\\\/?page_id=6756\",\"url\":\"https:\\\/\\\/sorprendemos.com\\\/consultoresdocumentales\\\/?page_id=6756\",\"name\":\"Taller online para la implementaci\u00f3n de DSpace\",\"isPartOf\":{\"@id\":\"https:\\\/\\\/sorprendemos.com\\\/consultoresdocumentales\\\/#website\"},\"primaryImageOfPage\":{\"@id\":\"https:\\\/\\\/sorprendemos.com\\\/consultoresdocumentales\\\/?page_id=6756#primaryimage\"},\"image\":{\"@id\":\"https:\\\/\\\/sorprendemos.com\\\/consultoresdocumentales\\\/?page_id=6756#primaryimage\"},\"thumbnailUrl\":\"http:\\\/\\\/sorprendemos.com\\\/consultoresdocumentales\\\/wp-content\\\/uploads\\\/2015\\\/02\\\/escireconopra.gif\",\"datePublished\":\"2015-02-13T01:01:02+00:00\",\"dateModified\":\"2016-01-21T17:32:02+00:00\",\"description\":\"Implementaci\u00f3n de DSpace como herramienta de gesti\u00f3n de Repositorios Institucionales\",\"breadcrumb\":{\"@id\":\"https:\\\/\\\/sorprendemos.com\\\/consultoresdocumentales\\\/?page_id=6756#breadcrumb\"},\"inLanguage\":\"es\",\"potentialAction\":[{\"@type\":\"ReadAction\",\"target\":[\"https:\\\/\\\/sorprendemos.com\\\/consultoresdocumentales\\\/?page_id=6756\"]}]},{\"@type\":\"ImageObject\",\"inLanguage\":\"es\",\"@id\":\"https:\\\/\\\/sorprendemos.com\\\/consultoresdocumentales\\\/?page_id=6756#primaryimage\",\"url\":\"http:\\\/\\\/sorprendemos.com\\\/consultoresdocumentales\\\/wp-content\\\/uploads\\\/2015\\\/02\\\/escireconopra.gif\",\"contentUrl\":\"http:\\\/\\\/sorprendemos.com\\\/consultoresdocumentales\\\/wp-content\\\/uploads\\\/2015\\\/02\\\/escireconopra.gif\"},{\"@type\":\"BreadcrumbList\",\"@id\":\"https:\\\/\\\/sorprendemos.com\\\/consultoresdocumentales\\\/?page_id=6756#breadcrumb\",\"itemListElement\":[{\"@type\":\"ListItem\",\"position\":1,\"name\":\"Portada\",\"item\":\"https:\\\/\\\/sorprendemos.com\\\/consultoresdocumentales\"},{\"@type\":\"ListItem\",\"position\":2,\"name\":\"Taller online para la implementaci\u00f3n de DSpace como herramienta de gesti\u00f3n de Repositorios Institucionales\"}]},{\"@type\":\"WebSite\",\"@id\":\"https:\\\/\\\/sorprendemos.com\\\/consultoresdocumentales\\\/#website\",\"url\":\"https:\\\/\\\/sorprendemos.com\\\/consultoresdocumentales\\\/\",\"name\":\"Consultores Documentales\",\"description\":\"Dise\u00f1o, planificaci\u00f3n, implantaci\u00f3n, operaci\u00f3n y gesti\u00f3n de proyectos y servicios\",\"potentialAction\":[{\"@type\":\"SearchAction\",\"target\":{\"@type\":\"EntryPoint\",\"urlTemplate\":\"https:\\\/\\\/sorprendemos.com\\\/consultoresdocumentales\\\/?s={search_term_string}\"},\"query-input\":{\"@type\":\"PropertyValueSpecification\",\"valueRequired\":true,\"valueName\":\"search_term_string\"}}],\"inLanguage\":\"es\"}]}<\/script>\r\n<!-- \/ Yoast SEO plugin. -->","yoast_head_json":{"title":"Taller online para la implementaci\u00f3n de DSpace","description":"Implementaci\u00f3n de DSpace como herramienta de gesti\u00f3n de Repositorios Institucionales","robots":{"index":"index","follow":"follow","max-snippet":"max-snippet:-1","max-image-preview":"max-image-preview:large","max-video-preview":"max-video-preview:-1"},"canonical":"https:\/\/sorprendemos.com\/consultoresdocumentales\/?page_id=6756","twitter_misc":{"Tiempo de lectura":"4 minutos"},"schema":{"@context":"https:\/\/schema.org","@graph":[{"@type":"WebPage","@id":"https:\/\/sorprendemos.com\/consultoresdocumentales\/?page_id=6756","url":"https:\/\/sorprendemos.com\/consultoresdocumentales\/?page_id=6756","name":"Taller online para la implementaci\u00f3n de DSpace","isPartOf":{"@id":"https:\/\/sorprendemos.com\/consultoresdocumentales\/#website"},"primaryImageOfPage":{"@id":"https:\/\/sorprendemos.com\/consultoresdocumentales\/?page_id=6756#primaryimage"},"image":{"@id":"https:\/\/sorprendemos.com\/consultoresdocumentales\/?page_id=6756#primaryimage"},"thumbnailUrl":"http:\/\/sorprendemos.com\/consultoresdocumentales\/wp-content\/uploads\/2015\/02\/escireconopra.gif","datePublished":"2015-02-13T01:01:02+00:00","dateModified":"2016-01-21T17:32:02+00:00","description":"Implementaci\u00f3n de DSpace como herramienta de gesti\u00f3n de Repositorios Institucionales","breadcrumb":{"@id":"https:\/\/sorprendemos.com\/consultoresdocumentales\/?page_id=6756#breadcrumb"},"inLanguage":"es","potentialAction":[{"@type":"ReadAction","target":["https:\/\/sorprendemos.com\/consultoresdocumentales\/?page_id=6756"]}]},{"@type":"ImageObject","inLanguage":"es","@id":"https:\/\/sorprendemos.com\/consultoresdocumentales\/?page_id=6756#primaryimage","url":"http:\/\/sorprendemos.com\/consultoresdocumentales\/wp-content\/uploads\/2015\/02\/escireconopra.gif","contentUrl":"http:\/\/sorprendemos.com\/consultoresdocumentales\/wp-content\/uploads\/2015\/02\/escireconopra.gif"},{"@type":"BreadcrumbList","@id":"https:\/\/sorprendemos.com\/consultoresdocumentales\/?page_id=6756#breadcrumb","itemListElement":[{"@type":"ListItem","position":1,"name":"Portada","item":"https:\/\/sorprendemos.com\/consultoresdocumentales"},{"@type":"ListItem","position":2,"name":"Taller online para la implementaci\u00f3n de DSpace como herramienta de gesti\u00f3n de Repositorios Institucionales"}]},{"@type":"WebSite","@id":"https:\/\/sorprendemos.com\/consultoresdocumentales\/#website","url":"https:\/\/sorprendemos.com\/consultoresdocumentales\/","name":"Consultores Documentales","description":"Dise\u00f1o, planificaci\u00f3n, implantaci\u00f3n, operaci\u00f3n y gesti\u00f3n de proyectos y servicios","potentialAction":[{"@type":"SearchAction","target":{"@type":"EntryPoint","urlTemplate":"https:\/\/sorprendemos.com\/consultoresdocumentales\/?s={search_term_string}"},"query-input":{"@type":"PropertyValueSpecification","valueRequired":true,"valueName":"search_term_string"}}],"inLanguage":"es"}]}},"_links":{"self":[{"href":"https:\/\/sorprendemos.com\/consultoresdocumentales\/index.php?rest_route=\/wp\/v2\/pages\/6756","targetHints":{"allow":["GET"]}}],"collection":[{"href":"https:\/\/sorprendemos.com\/consultoresdocumentales\/index.php?rest_route=\/wp\/v2\/pages"}],"about":[{"href":"https:\/\/sorprendemos.com\/consultoresdocumentales\/index.php?rest_route=\/wp\/v2\/types\/page"}],"author":[{"embeddable":true,"href":"https:\/\/sorprendemos.com\/consultoresdocumentales\/index.php?rest_route=\/wp\/v2\/users\/8"}],"replies":[{"embeddable":true,"href":"https:\/\/sorprendemos.com\/consultoresdocumentales\/index.php?rest_route=%2Fwp%2Fv2%2Fcomments&post=6756"}],"version-history":[{"count":0,"href":"https:\/\/sorprendemos.com\/consultoresdocumentales\/index.php?rest_route=\/wp\/v2\/pages\/6756\/revisions"}],"wp:attachment":[{"href":"https:\/\/sorprendemos.com\/consultoresdocumentales\/index.php?rest_route=%2Fwp%2Fv2%2Fmedia&parent=6756"}],"curies":[{"name":"wp","href":"https:\/\/api.w.org\/{rel}","templated":true}]}}