{"id":648,"date":"2009-06-07T17:13:00","date_gmt":"2009-06-07T15:13:00","guid":{"rendered":"http:\/\/sorprendemos.com\/consultoresdocumentales\/?page_id=648"},"modified":"2020-02-08T12:42:25","modified_gmt":"2020-02-08T10:42:25","slug":"contacto","status":"publish","type":"page","link":"https:\/\/sorprendemos.com\/consultoresdocumentales\/?page_id=648","title":{"rendered":"Contacto"},"content":{"rendered":"<p>[et_pb_section fb_built=\u00bb1&#8243; admin_label=\u00bbsection\u00bb _builder_version=\u00bb3.22&#8243;][et_pb_row column_structure=\u00bb2_3,1_3&#8243; admin_label=\u00bbrow\u00bb _builder_version=\u00bb3.25&#8243; background_size=\u00bbinitial\u00bb background_position=\u00bbtop_left\u00bb background_repeat=\u00bbrepeat\u00bb][et_pb_column type=\u00bb2_3&#8243; _builder_version=\u00bb3.25&#8243; custom_padding=\u00bb|||\u00bb custom_padding__hover=\u00bb|||\u00bb][et_pb_post_title meta=\u00bboff\u00bb featured_image=\u00bboff\u00bb _builder_version=\u00bb4.3.1&#8243;][\/et_pb_post_title][et_pb_text admin_label=\u00bbCONTACTO\u00bb _builder_version=\u00bb4.3.1&#8243;]<\/p>\n<hr \/>\n<ul>\n<li><span style=\"font-family: arial, helvetica, sans-serif; font-size: 14pt;\"><strong>Persona de contacto:<\/strong>\u00a0Emilio Sanz<\/span><\/li>\n<li><span style=\"font-family: arial, helvetica, sans-serif; font-size: 14pt;\"><strong>Tel\u00e9fono:<\/strong>\u00a0+34 656 55 89 93<\/span><\/li>\n<li><span style=\"font-family: arial, helvetica, sans-serif; font-size: 14pt;\"><strong><strong>Email:\u00a0<a href=\"mailto:info@conocimientopractico.es\" target=\"_blank\" rel=\"nofollow noopener noreferrer\">info@conocimientopractico.es<\/a><\/strong><\/strong><\/span><\/li>\n<\/ul>\n<hr \/>\n<p>&nbsp;<\/p>\n<p><!--cforms name=\"CONTACTO\"--><\/p>\n<p>[\/et_pb_text][et_pb_button button_url=\u00bbhttps:\/\/conocimientopractico.es\/\u00bb button_text=\u00bbCONTACTA AHORA\u00bb button_alignment=\u00bbcenter\u00bb _builder_version=\u00bb4.3.1&#8243;][\/et_pb_button][et_pb_text admin_label=\u00bbCONTACTO\u00bb _builder_version=\u00bb4.3.1&#8243;]<\/p>\n<p><span style=\"font-family: arial, helvetica, sans-serif; font-size: 12pt;\">Consultores Documentales te informa que los datos de car\u00e1cter personal que nos proporciones ser\u00e1n tratados por Emilio Sanz Santos como responsable de esta web. La finalidad de la recogida y tratamiento de los datos personales que te solicitamos es para poder recibir tu informaci\u00f3n y contestarte. La legitimaci\u00f3n se realiza a trav\u00e9s del consentimiento del interesado. Te informamos que los datos que nos facilitas en el formulario son enviados a un sistema de correo electr\u00f3nico cuyo prestador de servicio es Google, Inc, a trav\u00e9s de <a href=\"https:\/\/gsuite.google.com\/intl\/es\/\">GSuiite by Google Cloud<\/a>\u00a0(<a href=\"https:\/\/policies.google.com\/?hl=es\">pol\u00edtica de privacidad de Google<\/a>). El hecho de que no introduzcas los datos de car\u00e1cter personal que aparecen en el formulario como obligatorios podr\u00e1 tener como consecuencia que no pueda atender tu solicitud. Podr\u00e1s ejercer tus derechos de acceso, rectificaci\u00f3n, limitaci\u00f3n y suprimir los datos en\u00a0<a href=\"mailto:info@conocimientopractico.es\">info@conocimientopractico.es<\/a> as\u00ed como el derecho a presentar una reclamaci\u00f3n ante una autoridad de control. Puedes consultar la informaci\u00f3n adicional y detallada sobre Protecci\u00f3n de Datos en nuestro\u00a0<a href=\"http:\/\/sorprendemos.com\/consultoresdocumentales\/?page_id=1709\">aviso legal y pol\u00edtica de privacidad<\/a><\/span><\/p>\n<p><!--cforms name=\"CONTACTO\"--><\/p>\n<p>[\/et_pb_text][\/et_pb_column][et_pb_column type=\u00bb1_3&#8243; _builder_version=\u00bb3.25&#8243; custom_padding=\u00bb|||\u00bb custom_padding__hover=\u00bb|||\u00bb][et_pb_sidebar _builder_version=\u00bb4.3.1&#8243;][\/et_pb_sidebar][\/et_pb_column][\/et_pb_row][\/et_pb_section]<\/p>\n","protected":false},"excerpt":{"rendered":"<p>Persona de contacto:\u00a0Emilio Sanz Tel\u00e9fono:\u00a0+34 656 55 89 93 Email:\u00a0info@conocimientopractico.es &nbsp; Consultores Documentales te informa que los datos de car\u00e1cter personal que nos proporciones ser\u00e1n tratados por Emilio Sanz Santos como responsable de esta web. La finalidad de la recogida y tratamiento de los datos personales que te solicitamos es para poder recibir tu informaci\u00f3n [&hellip;]<\/p>\n","protected":false},"author":5,"featured_media":0,"parent":0,"menu_order":4,"comment_status":"closed","ping_status":"closed","template":"","meta":{"_et_pb_use_builder":"on","_et_pb_old_content":"<h3><strong>M\u00c1S INFORMACI\u00d3N<\/strong><\/h3><hr \/><p><strong>Elaboramos proyectos especializados reuniendo a los profesionales m\u00e1s cualificados en cada tecnolog\u00eda y \/ o servicio<\/strong><\/p><hr \/><ul><li><strong>Persona de contacto:<\/strong>\u00a0Emilio Sanz<\/li><li><strong>Tel\u00e9fono:<\/strong>\u00a0+34 656 55 89 93<\/li><li><strong>Email:\u00a0<a href=\"mailto:info@conocimientopractico.es\" target=\"_blank\" rel=\"nofollow noopener\">info@conocimientopractico.es<\/a><\/strong><\/li><\/ul><p style=\"text-align: justify;\">En cumplimiento con lo dispuesto en la Ley Org\u00e1nica 15\/1999, de 13 de diciembre, de Protecci\u00f3n de Datos de Car\u00e1cter Personal (\u201cLOPD\u201d), te informamos de que los datos personales e informaci\u00f3n que incorpores al formulario electr\u00f3nico habilitado al efecto y toda la documentaci\u00f3n que nos remitas en formato electr\u00f3nico o en papel (\u201cDatos\u201d), ser\u00e1n incorporados en un fichero de datos de car\u00e1cter personal titularidad de Emilio Sanz Santos. La finalidad del tratamiento de tus Datos es dar curso a tu solicitud de contacto o de petici\u00f3n de servicios. <a title=\"\u00a9 Aviso Legal\" href=\"http:\/\/sorprendemos.com\/consultoresdocumentales\/?page_id=1709\">Consulte nuestro aviso legal y pol\u00edtica de privacidad.<\/a><\/p><p><!--cforms name=\"CONTACTO\"--><\/p>","_et_gb_content_width":"","_monsterinsights_skip_tracking":false,"_monsterinsights_sitenote_active":false,"_monsterinsights_sitenote_note":"","_monsterinsights_sitenote_category":0,"footnotes":""},"class_list":["post-648","page","type-page","status-publish","hentry"],"yoast_head":"<!-- This site is optimized with the Yoast SEO plugin v27.3 - https:\/\/yoast.com\/product\/yoast-seo-wordpress\/ -->\r\n<title>Contacto - Consultores Documentales<\/title>\r\n<meta name=\"description\" content=\"Consultores Documentales pone a tu disposici\u00f3n el siguiente formulario para que nos hagas llegar cualquier consulta que consideres conveniente.\" \/>\r\n<meta name=\"robots\" content=\"index, follow, max-snippet:-1, max-image-preview:large, max-video-preview:-1\" \/>\r\n<link rel=\"canonical\" href=\"https:\/\/sorprendemos.com\/consultoresdocumentales\/?page_id=648\" \/>\r\n<meta name=\"twitter:label1\" content=\"Tiempo de lectura\" \/>\n\t<meta name=\"twitter:data1\" content=\"2 minutos\" \/>\r\n<script type=\"application\/ld+json\" class=\"yoast-schema-graph\">{\"@context\":\"https:\\\/\\\/schema.org\",\"@graph\":[{\"@type\":\"WebPage\",\"@id\":\"https:\\\/\\\/sorprendemos.com\\\/consultoresdocumentales\\\/?page_id=648\",\"url\":\"https:\\\/\\\/sorprendemos.com\\\/consultoresdocumentales\\\/?page_id=648\",\"name\":\"Contacto - Consultores Documentales\",\"isPartOf\":{\"@id\":\"https:\\\/\\\/sorprendemos.com\\\/consultoresdocumentales\\\/#website\"},\"datePublished\":\"2009-06-07T15:13:00+00:00\",\"dateModified\":\"2020-02-08T10:42:25+00:00\",\"description\":\"Consultores Documentales pone a tu disposici\u00f3n el siguiente formulario para que nos hagas llegar cualquier consulta que consideres conveniente.\",\"breadcrumb\":{\"@id\":\"https:\\\/\\\/sorprendemos.com\\\/consultoresdocumentales\\\/?page_id=648#breadcrumb\"},\"inLanguage\":\"es\",\"potentialAction\":[{\"@type\":\"ReadAction\",\"target\":[\"https:\\\/\\\/sorprendemos.com\\\/consultoresdocumentales\\\/?page_id=648\"]}]},{\"@type\":\"BreadcrumbList\",\"@id\":\"https:\\\/\\\/sorprendemos.com\\\/consultoresdocumentales\\\/?page_id=648#breadcrumb\",\"itemListElement\":[{\"@type\":\"ListItem\",\"position\":1,\"name\":\"Portada\",\"item\":\"https:\\\/\\\/sorprendemos.com\\\/consultoresdocumentales\"},{\"@type\":\"ListItem\",\"position\":2,\"name\":\"Contacto\"}]},{\"@type\":\"WebSite\",\"@id\":\"https:\\\/\\\/sorprendemos.com\\\/consultoresdocumentales\\\/#website\",\"url\":\"https:\\\/\\\/sorprendemos.com\\\/consultoresdocumentales\\\/\",\"name\":\"Consultores Documentales\",\"description\":\"Dise\u00f1o, planificaci\u00f3n, implantaci\u00f3n, operaci\u00f3n y gesti\u00f3n de proyectos y servicios\",\"potentialAction\":[{\"@type\":\"SearchAction\",\"target\":{\"@type\":\"EntryPoint\",\"urlTemplate\":\"https:\\\/\\\/sorprendemos.com\\\/consultoresdocumentales\\\/?s={search_term_string}\"},\"query-input\":{\"@type\":\"PropertyValueSpecification\",\"valueRequired\":true,\"valueName\":\"search_term_string\"}}],\"inLanguage\":\"es\"}]}<\/script>\r\n<!-- \/ Yoast SEO plugin. -->","yoast_head_json":{"title":"Contacto - Consultores Documentales","description":"Consultores Documentales pone a tu disposici\u00f3n el siguiente formulario para que nos hagas llegar cualquier consulta que consideres conveniente.","robots":{"index":"index","follow":"follow","max-snippet":"max-snippet:-1","max-image-preview":"max-image-preview:large","max-video-preview":"max-video-preview:-1"},"canonical":"https:\/\/sorprendemos.com\/consultoresdocumentales\/?page_id=648","twitter_misc":{"Tiempo de lectura":"2 minutos"},"schema":{"@context":"https:\/\/schema.org","@graph":[{"@type":"WebPage","@id":"https:\/\/sorprendemos.com\/consultoresdocumentales\/?page_id=648","url":"https:\/\/sorprendemos.com\/consultoresdocumentales\/?page_id=648","name":"Contacto - Consultores Documentales","isPartOf":{"@id":"https:\/\/sorprendemos.com\/consultoresdocumentales\/#website"},"datePublished":"2009-06-07T15:13:00+00:00","dateModified":"2020-02-08T10:42:25+00:00","description":"Consultores Documentales pone a tu disposici\u00f3n el siguiente formulario para que nos hagas llegar cualquier consulta que consideres conveniente.","breadcrumb":{"@id":"https:\/\/sorprendemos.com\/consultoresdocumentales\/?page_id=648#breadcrumb"},"inLanguage":"es","potentialAction":[{"@type":"ReadAction","target":["https:\/\/sorprendemos.com\/consultoresdocumentales\/?page_id=648"]}]},{"@type":"BreadcrumbList","@id":"https:\/\/sorprendemos.com\/consultoresdocumentales\/?page_id=648#breadcrumb","itemListElement":[{"@type":"ListItem","position":1,"name":"Portada","item":"https:\/\/sorprendemos.com\/consultoresdocumentales"},{"@type":"ListItem","position":2,"name":"Contacto"}]},{"@type":"WebSite","@id":"https:\/\/sorprendemos.com\/consultoresdocumentales\/#website","url":"https:\/\/sorprendemos.com\/consultoresdocumentales\/","name":"Consultores Documentales","description":"Dise\u00f1o, planificaci\u00f3n, implantaci\u00f3n, operaci\u00f3n y gesti\u00f3n de proyectos y servicios","potentialAction":[{"@type":"SearchAction","target":{"@type":"EntryPoint","urlTemplate":"https:\/\/sorprendemos.com\/consultoresdocumentales\/?s={search_term_string}"},"query-input":{"@type":"PropertyValueSpecification","valueRequired":true,"valueName":"search_term_string"}}],"inLanguage":"es"}]}},"_links":{"self":[{"href":"https:\/\/sorprendemos.com\/consultoresdocumentales\/index.php?rest_route=\/wp\/v2\/pages\/648","targetHints":{"allow":["GET"]}}],"collection":[{"href":"https:\/\/sorprendemos.com\/consultoresdocumentales\/index.php?rest_route=\/wp\/v2\/pages"}],"about":[{"href":"https:\/\/sorprendemos.com\/consultoresdocumentales\/index.php?rest_route=\/wp\/v2\/types\/page"}],"author":[{"embeddable":true,"href":"https:\/\/sorprendemos.com\/consultoresdocumentales\/index.php?rest_route=\/wp\/v2\/users\/5"}],"replies":[{"embeddable":true,"href":"https:\/\/sorprendemos.com\/consultoresdocumentales\/index.php?rest_route=%2Fwp%2Fv2%2Fcomments&post=648"}],"version-history":[{"count":0,"href":"https:\/\/sorprendemos.com\/consultoresdocumentales\/index.php?rest_route=\/wp\/v2\/pages\/648\/revisions"}],"wp:attachment":[{"href":"https:\/\/sorprendemos.com\/consultoresdocumentales\/index.php?rest_route=%2Fwp%2Fv2%2Fmedia&parent=648"}],"curies":[{"name":"wp","href":"https:\/\/api.w.org\/{rel}","templated":true}]}}