{"id":5828,"date":"2013-09-28T20:37:53","date_gmt":"2013-09-28T18:37:53","guid":{"rendered":"http:\/\/sorprendemos.com\/consultoresdocumentales\/?page_id=5828"},"modified":"2019-11-27T14:18:16","modified_gmt":"2019-11-27T12:18:16","slug":"construye-una-web-profesional-y-gestiona-contenidos-digitales-con-wordpress","status":"publish","type":"page","link":"https:\/\/sorprendemos.com\/consultoresdocumentales\/?page_id=5828","title":{"rendered":"Dise\u00f1a y gestiona una web con WordPress"},"content":{"rendered":"<h3 style=\"text-align: justify;\"><img loading=\"lazy\" decoding=\"async\" class=\"alignleft size-full wp-image-5898\" title=\"Construye una web profesional y gestiona contenidos digitales con WordPress\" src=\"http:\/\/sorprendemos.com\/consultoresdocumentales\/wp-content\/uploads\/2013\/09\/Wordpress.jpg\" alt=\"Construye una web profesional y gestiona contenidos digitales con WordPress\" width=\"285\" height=\"177\" \/>Beneficios para el alumno<\/h3>\n<p style=\"text-align: justify;\">WordPress es la plataforma de gesti\u00f3n de contenidos digitales m\u00e1s usada que le va a permitir <strong>crear p\u00e1ginas web sin conocimientos de programaci\u00f3n<\/strong>. Es una<strong> tecnolog\u00eda muy sencilla<\/strong>, que facilita la innovaci\u00f3n, al permitir gestionar eficaz y eficientemente contenidos digitales en m\u00faltiples formatos.<\/p>\n<p style=\"text-align: justify;\">Pero en realidad su valor principal est\u00e1 en la <strong>posibilidad de proyectar su talento y conocimiento de forma global y autogestionada<\/strong>. Se har\u00e1 visible en internet con una de las mejores herramientas Web 2.0.<\/p>\n<h3>En este taller pr\u00e1ctico online:<\/h3>\n<ul style=\"text-align: justify;\">\n<li style=\"text-align: justify;\"><strong>Crear\u00e1 su propia p\u00e1gina web en una pr\u00e1ctica continua online asistida por un tutor<\/strong>, para entender qu\u00e9 es un CMS WordPress y c\u00f3mo se usa<\/li>\n<li style=\"text-align: justify;\"><strong>Dise\u00f1ar\u00e1 y administrar\u00e1 su web<\/strong> sin necesidad de tecnicismos<\/li>\n<li style=\"text-align: justify;\"><strong>Publicar\u00e1 contenidos digitales<\/strong>: texto, gr\u00e1ficos, fotograf\u00eda, audio, v\u00eddeo, enlaces, etc., casi como si estuviera utilizando un procesador de textos<\/li>\n<li style=\"text-align: justify;\"><strong>Instalar\u00e1 complementos<\/strong> para aumentar las funcionalidades con un solo click<\/li>\n<li style=\"text-align: justify;\">Y adem\u00e1s, <strong>comprobar\u00e1 las habilidades adquiridas<\/strong>, redise\u00f1ando la web de acuerdo con sus necesidades personales\/profesionales<\/li>\n<\/ul>\n<h3>\u00a1Echa un vistazo! as\u00ed es nuestro curso, hacemos muy sencillo lo que parece complejo<\/h3>\n<div style=\"text-align: center;\">\n<p><iframe loading=\"lazy\" src=\"\/\/www.youtube.com\/embed\/NEFr-rjHcXk?rel=0\" width=\"640\" height=\"360\" frameborder=\"0\" allowfullscreen=\"allowfullscreen\"><\/iframe><\/p>\n<\/div>\n<h3 style=\"text-align: justify;\">Destinatarios<\/h3>\n<p style=\"text-align: justify;\">El curso se dirige a cualquier perfil profesional<\/p>\n<h3 style=\"text-align: justify;\">Duraci\u00f3n y fechas<\/h3>\n<ul style=\"text-align: justify;\">\n<li>30 horas lectivas, distribuidas en un periodo de 4 semanas<\/li>\n<li>18 enero \/ 15\u00a0 febrero 2016<\/li>\n<\/ul>\n<h3 style=\"text-align: justify;\">Metodolog\u00eda<\/h3>\n<p style=\"text-align: justify;\">Es un taller pr\u00e1ctico online en el que el alumno va a construir una web propuesta por el tutor durante 2 semanas.<\/p>\n<p style=\"text-align: justify;\">Cada alumno administrar\u00e1, durante todo el taller practico, su instalaci\u00f3n WordPress, alojada en un servidor profesional. Esto permitir\u00e1 al participante conocer todas las posibilidades de WordPress y experimentar\u00e1 el rendimiento real de su p\u00e1gina web en internet.<\/p>\n<p style=\"text-align: justify;\">El alumno dispondr\u00e1 de un modelo flexible para organizar su formaci\u00f3n, si bien est\u00e1 acci\u00f3n formativa queda sujeta a plazos y compromisos de entrega de acuerdo con la planificaci\u00f3n propuesta por el equipo docente.<\/p>\n<p style=\"text-align: justify;\">Adem\u00e1s en cada tema se facilitaran materiales de apoyo y, sobre todo, acceso a los v\u00eddeotutoriales para seguir de forma detallada el proceso de construcci\u00f3n de la p\u00e1gina web.<\/p>\n<h3 style=\"text-align: justify;\">Evaluaci\u00f3n y pr\u00e1ctica<\/h3>\n<ul>\n<li style=\"text-align: justify;\">Construye la web propuesta por el Tutor y te retamos adem\u00e1s a que realices un proyecto propio \u00bfTe atreves?<\/li>\n<\/ul>\n<h3 style=\"text-align: justify;\">Justificante de aprovechamiento o seguimiento:<\/h3>\n<ul style=\"text-align: justify;\">\n<li><b>Certificado de Aprovechamiento<\/b>\u00a0del DISE\u00d1A Y GESTIONA UNA P\u00c1GINA WEB CON WORDPRESS, para todos aquellos alumnos que construyan la web propuesta por el tutor o proyecto equivalente<\/li>\n<li><b>Certificado de Seguimiento<\/b> del\u00a0DISE\u00d1A Y GESTIONA UNA P\u00c1GINA WEB CON WORDPRESS<\/li>\n<\/ul>\n<p style=\"text-align: justify;\">Se enviar\u00e1 un certificado de\u00a0aprovechamiento o seguimiento por correo postal\/correo electr\u00f3nico con el detalle de contenidos y una carga lectiva de 30 h. (<i>ense\u00f1anza no reglada y sin car\u00e1cter oficial<\/i>)<\/p>\n<h3 style=\"text-align: justify;\">Tutor<\/h3>\n<p style=\"text-align: justify;\"><a title=\"Emilio Sanz\" href=\"https:\/\/www.google.com\/url?sa=t&amp;rct=j&amp;q=&amp;esrc=s&amp;source=web&amp;cd=1&amp;cad=rja&amp;uact=8&amp;ved=2ahUKEwj_1_7kr4rmAhUi2uAKHQDPAMgQFjAAegQIBRAB&amp;url=https%3A%2F%2Fes.linkedin.com%2Fin%2Femilio-sanz-santos-571a1229&amp;usg=AOvVaw2nt6Lg-STtEoKJwuIXkd9R\" target=\"_blank\" rel=\"noopener noreferrer\">Emilio Sanz Santo<\/a>s, Director del <a title=\"Consultores Documentales\" href=\"http:\/\/www.sorprendemos.com\/consultoresdocumentales\/\" target=\"_blank\" rel=\"noopener noreferrer\">Blog Consultores Documentales<\/a> y de <a title=\"Gesti\u00f3n de Contenidos Digitales e Informaci\u00f3n\" href=\"http:\/\/conocimientopractico.es\/\" target=\"_blank\" rel=\"noopener noreferrer\">www.conocimientopractico.es<\/a>, colaborador docente de Asociaciones Profesionales en el \u00e1mbito de la Gesti\u00f3n de informaci\u00f3n<\/p>\n<h3 style=\"text-align: justify;\">Programa (3 semanas, 30 horas lectivas):<\/h3>\n<p style=\"text-align: justify;\"><strong><span style=\"text-decoration: underline;\">MODULO N\u00ba 1\u00a0<\/span><\/strong><\/p>\n<div style=\"text-align: justify;\">\n<ul>\n<li><b style=\"line-height: 1.5em;\">TEMA 01<\/b><span style=\"line-height: 1.5em;\"> Introducci\u00f3n a los CMS y a WordPress. No reinvente la rueda y f\u00edjese en los mejores.<\/span><\/li>\n<li><b>TEMA 02<\/b> Instalaci\u00f3n, administraci\u00f3n y configuraciones b\u00e1sicas<\/li>\n<li><b>TEMA 03<\/b> El dise\u00f1o o tema. P\u00e1ginas y Men\u00fa de navegaci\u00f3n.<\/li>\n<li><b>TEMA 04<\/b> Instalando plugins y widgets. Algunos plugins imprescindibles para mejorar tu web.<\/li>\n<li><b>TEMA 05<\/b> Publicando contenidos en las p\u00e1ginas est\u00e1ticas. Cambio de la imagen cabecera de la web.<\/li>\n<\/ul>\n<\/div>\n<p style=\"text-align: justify;\"><strong><span style=\"text-decoration: underline;\">MODULO N\u00ba 2\u00a0<\/span><\/strong><\/p>\n<div style=\"text-align: justify;\">\n<ul>\n<li><b style=\"line-height: 1.5em;\">TEMA 06<\/b><span style=\"line-height: 1.5em;\"> Funci\u00f3n Blog. Publicaci\u00f3n. Moderaci\u00f3n de comentarios. Categor\u00edas y Etiquetas.<\/span><\/li>\n<li><b>TEMA 07<\/b> Publicaci\u00f3n y administraci\u00f3n de galer\u00edas de im\u00e1genes.<\/li>\n<li><b>TEMA 08<\/b> Gesti\u00f3n de usuarios, seguridad y actualizaci\u00f3n.<\/li>\n<li><b>TEMA 09<\/b> Optimiza y promociona contenidos: SEO, SMO, Suscripciones y Newsletter.<\/li>\n<li><b>TEMA 10<\/b> Avisos Legales en tu web. Otros recursos \u00fatiles en l\u00ednea sobre WordPress.<\/li>\n<\/ul>\n<\/div>\n<p style=\"text-align: justify;\"><span style=\"text-decoration: underline;\"><strong>PR\u00c1CTICA<\/strong><\/span><\/p>\n<ul>\n<li>Construye la web propuesta por el Tutor<\/li>\n<\/ul>\n<h3>Precio:<\/h3>\n<ul>\n<li>190 euros + IVA (190 + 39,9 = 229,9 euros IVA incluido)<\/li>\n<\/ul>\n<h3>Descuento del 15% a los siguiente colectivos<\/h3>\n<ul>\n<li><a href=\"http:\/\/cobdcv.es\/\" target=\"_blank\" rel=\"nofollow noopener noreferrer\">COBDCV:\u00a0Col\u00b7legi Oficial de Bibliotecaris i Documentalistes de la Comunitat Valenciana<\/a><\/li>\n<li><a href=\"http:\/\/asociacionabdm.org\/\" target=\"_blank\" rel=\"nofollow noopener noreferrer\">AABDM:\u00a0Asociaci\u00f3n Profesional de Archiveros, Bibliotecarios y Documentalistas de Madrid<\/a><\/li>\n<li><a href=\"https:\/\/www.facebook.com\/asociacionarchiveroscanarias\/\" target=\"_blank\" rel=\"nofollow noopener noreferrer\">ASARCA: Asociaci\u00f3n de Archiveros de Canarias<\/a><\/li>\n<li>161,5 euros + IVA (161,5 + 33,9 = 195,4 euros IVA incluido)<\/li>\n<\/ul>\n<h3>Solicitud de informaci\u00f3n en:<\/h3>\n<p><span style=\"text-align: justify;\">El tutor del curso, Emilio Sanz, responder\u00e1 personalmente las dudas y\/o informaci\u00f3n solicitada, a la direcci\u00f3n de correo electr\u00f3nico que se indique en el formulario<\/span><\/p>\n\n\n<!-- Fast Secure Contact Form plugin 4.0.52 - begin - FastSecureContactForm.com -->\r\n<div style=\"clear:both;\"><\/div>\n<p><\/p>\r\n<div id=\"FSContact7\" style=\"width:99%; max-width:555px;\">\r\n<form action=\"https:\/\/sorprendemos.com\/consultoresdocumentales\/index.php?rest_route=%2Fwp%2Fv2%2Fpages%2F5828#FSContact7\" id=\"fscf_form7\" method=\"post\">\r\n<fieldset id=\"fscf_form_fieldset7\" style=\"border:1px solid black; width:99%; max-width:550px; padding:10px;\">\n<legend>Formulario de Contacto<\/legend>\n\n<div id=\"fscf_div_clear7_0\" style=\"clear:both;\">\n  <div id=\"fscf_div_field7_0\" style=\"clear:left; float:left; width:99%; max-width:550px; margin-right:10px;\">\r\n    <div style=\"text-align:left; padding-top:5px;\">\n      <label style=\"text-align:left;\" for=\"fscf_name7\">Nombre:<span style=\"text-align:left;\">*<\/span><\/label>\n    <\/div>\r\n    <div style=\"text-align:left;\">\r\n      <input style=\"text-align:left; margin:0; width:99%; max-width:250px;\" type=\"text\" id=\"fscf_name7\" name=\"full_name\" value=\"\"  readonly=\"readonly\" \/>\r\n    <\/div>\r\n  <\/div>\n<\/div>\n\n<div id=\"fscf_div_clear7_1\" style=\"clear:both;\">\n  <div id=\"fscf_div_field7_1\" style=\"clear:left; float:left; width:99%; max-width:550px; margin-right:10px;\">\n    <div style=\"text-align:left; padding-top:5px;\">\n      <label style=\"text-align:left;\" for=\"fscf_email7\">Correo Electr\u00f3nico:<span style=\"text-align:left;\">*<\/span><\/label>\n    <\/div>\n    <div style=\"text-align:left;\">\n      <input style=\"text-align:left; margin:0; width:99%; max-width:250px;\" type=\"text\" id=\"fscf_email7\" name=\"email\" value=\"\"  readonly=\"readonly\" \/>\n    <\/div>\n  <\/div>\n<\/div>\n\n<div id=\"fscf_div_clear7_2\" style=\"clear:both;\">\n  <div id=\"fscf_div_field7_2\" style=\"clear:left; float:left; width:99%; max-width:550px; margin-right:10px;\">\n    <div style=\"text-align:left; padding-top:5px;\">\n      <label style=\"text-align:left;\" for=\"fscf_field7_2\">Tema:<span style=\"text-align:left;\">*<\/span><\/label>\n    <\/div>\n    <div style=\"text-align:left;\">\n      <input style=\"text-align:left; margin:0; width:99%; max-width:250px;\" type=\"text\" id=\"fscf_field7_2\" name=\"subject\" value=\"\"  \/>\n    <\/div>\n  <\/div>\n<\/div>\n\n<div id=\"fscf_div_clear7_3\" style=\"clear:both;\">\n  <div id=\"fscf_div_field7_3\" style=\"clear:left; float:left; width:99%; max-width:550px; margin-right:10px;\">\n    <div style=\"text-align:left; padding-top:5px;\">\n      <label style=\"text-align:left;\" for=\"fscf_field7_3\">Mensaje:<span style=\"text-align:left;\">*<\/span><\/label>\n    <\/div>\n    <div style=\"text-align:left;\">\n      <textarea style=\"text-align:left; margin:0; width:99%; max-width:250px; height:120px;\" id=\"fscf_field7_3\" name=\"message\" cols=\"30\" rows=\"10\" ><\/textarea>\n    <\/div>\n  <\/div>\n<\/div>\r\n<div style=\"clear:both;\"><\/div>\n\n<div style=\"text-align:left; padding-top:5px;\">\n<\/div>\n<div id=\"fscf_captcha_image_div7\" style=\"width:250px; height:65px; padding-top:2px;\">\n      <img loading=\"lazy\" decoding=\"async\" id=\"fscf_captcha_image7\" style=\"border-style:none; margin:0; padding:0px; padding-right:5px; float:left;\" src=\"https:\/\/sorprendemos.com\/consultoresdocumentales\/wp-content\/plugins\/si-contact-form\/captcha\/securimage_show.php?prefix=QTkDal6Stq7vXCHB\" width=\"175\" height=\"60\" alt=\"CAPTCHA\" title=\"CAPTCHA\" \/>\n      <input id=\"fscf_captcha_prefix7\" type=\"hidden\" name=\"fscf_captcha_prefix7\" value=\"QTkDal6Stq7vXCHB\" \/>\n     <div id=\"fscf_captcha_refresh7\">\n        <a href=\"#\" rel=\"nofollow\" title=\"Depurar\" onclick=\"fscf_captcha_refresh('7','\/consultoresdocumentales\/wp-content\/plugins\/si-contact-form\/captcha','https:\/\/sorprendemos.com\/consultoresdocumentales\/wp-content\/plugins\/si-contact-form\/captcha\/securimage_show.php?prefix='); return false;\">\n        <img loading=\"lazy\" decoding=\"async\" src=\"https:\/\/sorprendemos.com\/consultoresdocumentales\/wp-content\/plugins\/si-contact-form\/captcha\/images\/refresh.png\" width=\"22\" height=\"20\" alt=\"Depurar\" style=\"border-style:none; margin:0; padding:0px; vertical-align:bottom;\" onclick=\"this.blur();\" \/><\/a>\r\n     <\/div>\r\n<\/div>\r\n\r\n<div id=\"fscf_captcha_field7\" style=\"text-align:left; padding-top:5px;\">\r\n     <label style=\"text-align:left;\" for=\"fscf_captcha_code7\">C\u00f3digo CAPTCHA:<span style=\"text-align:left;\">*<\/span><\/label>\r\n<\/div>\r\n<div style=\"text-align:left;\">\n     <input style=\"text-align:left; margin:0; width:50px;\" type=\"text\" value=\"\" autocomplete=\"off\" id=\"fscf_captcha_code7\" name=\"captcha_code\"  \/>\n<\/div>\n\n<div id=\"fscf_submit_div7\" style=\"text-align:left; clear:both; padding-top:15px;\">\r\n\t\t<input type=\"submit\" id=\"fscf_submit7\" style=\"cursor:pointer; margin:0;\" value=\"Enviar\"  onclick=\"this.disabled=true; this.value='Enviando....'; this.form.submit();\" \/> \n<\/div>\n<\/fieldset>\n\n<input type=\"hidden\" name=\"fscf_submitted\" value=\"0\" \/>\n<input type=\"hidden\" name=\"fs_postonce_7\" value=\"42c4543a562a1cd6acdb15a54f2d0d9c,1776610609\" \/>\n<input type=\"hidden\" name=\"si_contact_action\" value=\"send\" \/>\n<input type=\"hidden\" name=\"form_id\" value=\"7\" \/>\n<input type=\"hidden\" name=\"mailto_id\" value=\"1\" \/>\n\n<\/form>\n<\/div>\r\n<div style=\"clear:both;\"><\/div>\n\n<!-- Fast Secure Contact Form plugin 4.0.52 - end - FastSecureContactForm.com -->\n\n<p style=\"text-align: justify;\">En cumplimiento con lo dispuesto en la Ley Org\u00e1nica 15\/1999, de 13 de diciembre, de Protecci\u00f3n de Datos de Car\u00e1cter Personal (\u201cLOPD\u201d), te informamos de que los datos personales e informaci\u00f3n que incorpores al formulario electr\u00f3nico habilitado al efecto y toda la documentaci\u00f3n que nos remitas en formato electr\u00f3nico o en papel (\u201cDatos\u201d), ser\u00e1n incorporados en un fichero de datos de car\u00e1cter personal titularidad de Emilio Sanz Santos. La finalidad del tratamiento de tus Datos es dar curso a tu solicitud de contacto o de petici\u00f3n de servicios. <a href=\"http:\/\/sorprendemos.com\/consultoresdocumentales\/?page_id=1709\/\" target=\"_blank\" rel=\"noopener noreferrer\">Consulte nuestro aviso legal y pol\u00edtica de privacidad<\/a>.<\/p>\n","protected":false},"excerpt":{"rendered":"<p>Beneficios para el alumno WordPress es la plataforma de gesti\u00f3n de contenidos digitales m\u00e1s usada que le va a permitir crear p\u00e1ginas web sin conocimientos de programaci\u00f3n. Es una tecnolog\u00eda muy sencilla, que facilita la innovaci\u00f3n, al permitir gestionar eficaz y eficientemente contenidos digitales en m\u00faltiples formatos. Pero en realidad su valor principal est\u00e1 en [&hellip;]<\/p>\n","protected":false},"author":5,"featured_media":0,"parent":0,"menu_order":0,"comment_status":"closed","ping_status":"closed","template":"","meta":{"_et_pb_use_builder":"","_et_pb_old_content":"","_et_gb_content_width":"","_monsterinsights_skip_tracking":false,"_monsterinsights_sitenote_active":false,"_monsterinsights_sitenote_note":"","_monsterinsights_sitenote_category":0,"footnotes":""},"class_list":["post-5828","page","type-page","status-publish","hentry"],"yoast_head":"<!-- This site is optimized with the Yoast SEO plugin v27.3 - https:\/\/yoast.com\/product\/yoast-seo-wordpress\/ -->\r\n<title>Dise\u00f1a y gestiona una web con WordPress<\/title>\r\n<meta name=\"description\" content=\"Curso Online : Dise\u00f1a y gestiona una web \/ blog con WordPress de forma sencilla. Construye una web profesional y gestiona contenidos digitales.\" \/>\r\n<meta name=\"robots\" content=\"index, follow, max-snippet:-1, max-image-preview:large, max-video-preview:-1\" \/>\r\n<link rel=\"canonical\" href=\"https:\/\/sorprendemos.com\/consultoresdocumentales\/?page_id=5828\" \/>\r\n<meta name=\"twitter:label1\" content=\"Tiempo de lectura\" \/>\n\t<meta name=\"twitter:data1\" content=\"4 minutos\" \/>\r\n<script type=\"application\/ld+json\" class=\"yoast-schema-graph\">{\"@context\":\"https:\\\/\\\/schema.org\",\"@graph\":[{\"@type\":\"WebPage\",\"@id\":\"https:\\\/\\\/sorprendemos.com\\\/consultoresdocumentales\\\/?page_id=5828\",\"url\":\"https:\\\/\\\/sorprendemos.com\\\/consultoresdocumentales\\\/?page_id=5828\",\"name\":\"Dise\u00f1a y gestiona una web con WordPress\",\"isPartOf\":{\"@id\":\"https:\\\/\\\/sorprendemos.com\\\/consultoresdocumentales\\\/#website\"},\"primaryImageOfPage\":{\"@id\":\"https:\\\/\\\/sorprendemos.com\\\/consultoresdocumentales\\\/?page_id=5828#primaryimage\"},\"image\":{\"@id\":\"https:\\\/\\\/sorprendemos.com\\\/consultoresdocumentales\\\/?page_id=5828#primaryimage\"},\"thumbnailUrl\":\"http:\\\/\\\/sorprendemos.com\\\/consultoresdocumentales\\\/wp-content\\\/uploads\\\/2013\\\/09\\\/Wordpress.jpg\",\"datePublished\":\"2013-09-28T18:37:53+00:00\",\"dateModified\":\"2019-11-27T12:18:16+00:00\",\"description\":\"Curso Online : Dise\u00f1a y gestiona una web \\\/ blog con WordPress de forma sencilla. Construye una web profesional y gestiona contenidos digitales.\",\"breadcrumb\":{\"@id\":\"https:\\\/\\\/sorprendemos.com\\\/consultoresdocumentales\\\/?page_id=5828#breadcrumb\"},\"inLanguage\":\"es\",\"potentialAction\":[{\"@type\":\"ReadAction\",\"target\":[\"https:\\\/\\\/sorprendemos.com\\\/consultoresdocumentales\\\/?page_id=5828\"]}]},{\"@type\":\"ImageObject\",\"inLanguage\":\"es\",\"@id\":\"https:\\\/\\\/sorprendemos.com\\\/consultoresdocumentales\\\/?page_id=5828#primaryimage\",\"url\":\"http:\\\/\\\/sorprendemos.com\\\/consultoresdocumentales\\\/wp-content\\\/uploads\\\/2013\\\/09\\\/Wordpress.jpg\",\"contentUrl\":\"http:\\\/\\\/sorprendemos.com\\\/consultoresdocumentales\\\/wp-content\\\/uploads\\\/2013\\\/09\\\/Wordpress.jpg\"},{\"@type\":\"BreadcrumbList\",\"@id\":\"https:\\\/\\\/sorprendemos.com\\\/consultoresdocumentales\\\/?page_id=5828#breadcrumb\",\"itemListElement\":[{\"@type\":\"ListItem\",\"position\":1,\"name\":\"Portada\",\"item\":\"https:\\\/\\\/sorprendemos.com\\\/consultoresdocumentales\"},{\"@type\":\"ListItem\",\"position\":2,\"name\":\"Dise\u00f1a y gestiona una web con WordPress\"}]},{\"@type\":\"WebSite\",\"@id\":\"https:\\\/\\\/sorprendemos.com\\\/consultoresdocumentales\\\/#website\",\"url\":\"https:\\\/\\\/sorprendemos.com\\\/consultoresdocumentales\\\/\",\"name\":\"Consultores Documentales\",\"description\":\"Dise\u00f1o, planificaci\u00f3n, implantaci\u00f3n, operaci\u00f3n y gesti\u00f3n de proyectos y servicios\",\"potentialAction\":[{\"@type\":\"SearchAction\",\"target\":{\"@type\":\"EntryPoint\",\"urlTemplate\":\"https:\\\/\\\/sorprendemos.com\\\/consultoresdocumentales\\\/?s={search_term_string}\"},\"query-input\":{\"@type\":\"PropertyValueSpecification\",\"valueRequired\":true,\"valueName\":\"search_term_string\"}}],\"inLanguage\":\"es\"}]}<\/script>\r\n<!-- \/ Yoast SEO plugin. -->","yoast_head_json":{"title":"Dise\u00f1a y gestiona una web con WordPress","description":"Curso Online : Dise\u00f1a y gestiona una web \/ blog con WordPress de forma sencilla. Construye una web profesional y gestiona contenidos digitales.","robots":{"index":"index","follow":"follow","max-snippet":"max-snippet:-1","max-image-preview":"max-image-preview:large","max-video-preview":"max-video-preview:-1"},"canonical":"https:\/\/sorprendemos.com\/consultoresdocumentales\/?page_id=5828","twitter_misc":{"Tiempo de lectura":"4 minutos"},"schema":{"@context":"https:\/\/schema.org","@graph":[{"@type":"WebPage","@id":"https:\/\/sorprendemos.com\/consultoresdocumentales\/?page_id=5828","url":"https:\/\/sorprendemos.com\/consultoresdocumentales\/?page_id=5828","name":"Dise\u00f1a y gestiona una web con WordPress","isPartOf":{"@id":"https:\/\/sorprendemos.com\/consultoresdocumentales\/#website"},"primaryImageOfPage":{"@id":"https:\/\/sorprendemos.com\/consultoresdocumentales\/?page_id=5828#primaryimage"},"image":{"@id":"https:\/\/sorprendemos.com\/consultoresdocumentales\/?page_id=5828#primaryimage"},"thumbnailUrl":"http:\/\/sorprendemos.com\/consultoresdocumentales\/wp-content\/uploads\/2013\/09\/Wordpress.jpg","datePublished":"2013-09-28T18:37:53+00:00","dateModified":"2019-11-27T12:18:16+00:00","description":"Curso Online : Dise\u00f1a y gestiona una web \/ blog con WordPress de forma sencilla. Construye una web profesional y gestiona contenidos digitales.","breadcrumb":{"@id":"https:\/\/sorprendemos.com\/consultoresdocumentales\/?page_id=5828#breadcrumb"},"inLanguage":"es","potentialAction":[{"@type":"ReadAction","target":["https:\/\/sorprendemos.com\/consultoresdocumentales\/?page_id=5828"]}]},{"@type":"ImageObject","inLanguage":"es","@id":"https:\/\/sorprendemos.com\/consultoresdocumentales\/?page_id=5828#primaryimage","url":"http:\/\/sorprendemos.com\/consultoresdocumentales\/wp-content\/uploads\/2013\/09\/Wordpress.jpg","contentUrl":"http:\/\/sorprendemos.com\/consultoresdocumentales\/wp-content\/uploads\/2013\/09\/Wordpress.jpg"},{"@type":"BreadcrumbList","@id":"https:\/\/sorprendemos.com\/consultoresdocumentales\/?page_id=5828#breadcrumb","itemListElement":[{"@type":"ListItem","position":1,"name":"Portada","item":"https:\/\/sorprendemos.com\/consultoresdocumentales"},{"@type":"ListItem","position":2,"name":"Dise\u00f1a y gestiona una web con WordPress"}]},{"@type":"WebSite","@id":"https:\/\/sorprendemos.com\/consultoresdocumentales\/#website","url":"https:\/\/sorprendemos.com\/consultoresdocumentales\/","name":"Consultores Documentales","description":"Dise\u00f1o, planificaci\u00f3n, implantaci\u00f3n, operaci\u00f3n y gesti\u00f3n de proyectos y servicios","potentialAction":[{"@type":"SearchAction","target":{"@type":"EntryPoint","urlTemplate":"https:\/\/sorprendemos.com\/consultoresdocumentales\/?s={search_term_string}"},"query-input":{"@type":"PropertyValueSpecification","valueRequired":true,"valueName":"search_term_string"}}],"inLanguage":"es"}]}},"_links":{"self":[{"href":"https:\/\/sorprendemos.com\/consultoresdocumentales\/index.php?rest_route=\/wp\/v2\/pages\/5828","targetHints":{"allow":["GET"]}}],"collection":[{"href":"https:\/\/sorprendemos.com\/consultoresdocumentales\/index.php?rest_route=\/wp\/v2\/pages"}],"about":[{"href":"https:\/\/sorprendemos.com\/consultoresdocumentales\/index.php?rest_route=\/wp\/v2\/types\/page"}],"author":[{"embeddable":true,"href":"https:\/\/sorprendemos.com\/consultoresdocumentales\/index.php?rest_route=\/wp\/v2\/users\/5"}],"replies":[{"embeddable":true,"href":"https:\/\/sorprendemos.com\/consultoresdocumentales\/index.php?rest_route=%2Fwp%2Fv2%2Fcomments&post=5828"}],"version-history":[{"count":0,"href":"https:\/\/sorprendemos.com\/consultoresdocumentales\/index.php?rest_route=\/wp\/v2\/pages\/5828\/revisions"}],"wp:attachment":[{"href":"https:\/\/sorprendemos.com\/consultoresdocumentales\/index.php?rest_route=%2Fwp%2Fv2%2Fmedia&parent=5828"}],"curies":[{"name":"wp","href":"https:\/\/api.w.org\/{rel}","templated":true}]}}