{"id":5357,"date":"2013-05-30T17:41:13","date_gmt":"2013-05-30T15:41:13","guid":{"rendered":"http:\/\/sorprendemos.com\/consultoresdocumentales\/?page_id=5357"},"modified":"2016-01-21T20:08:31","modified_gmt":"2016-01-21T18:08:31","slug":"formacion","status":"publish","type":"page","link":"https:\/\/sorprendemos.com\/consultoresdocumentales\/?page_id=5357","title":{"rendered":"FORMACI\u00d3N"},"content":{"rendered":"<p><a href=\"http:\/\/sorprendemos.com\/consultoresdocumentales\/?page_id=6724\"><img loading=\"lazy\" decoding=\"async\" class=\"aligncenter wp-image-7196 size-full\" src=\"http:\/\/sorprendemos.com\/consultoresdocumentales\/wp-content\/uploads\/2013\/05\/FormacionKoha2.gif\" alt=\"Formacion Koha\" width=\"900\" height=\"200\" \/><\/a><\/p>\n<p><a href=\"http:\/\/sorprendemos.com\/consultoresdocumentales\/?page_id=5825\"><img loading=\"lazy\" decoding=\"async\" class=\"aligncenter wp-image-7194 size-full\" src=\"http:\/\/sorprendemos.com\/consultoresdocumentales\/wp-content\/uploads\/2013\/05\/FormacionGesPro2.gif\" alt=\"Formacion Gesti\u00f3n de Proyectos\" width=\"900\" height=\"200\" \/><\/a><\/p>\n<p><a href=\"http:\/\/sorprendemos.com\/consultoresdocumentales\/?page_id=6756\"><img loading=\"lazy\" decoding=\"async\" class=\"aligncenter wp-image-7192 size-full\" src=\"http:\/\/sorprendemos.com\/consultoresdocumentales\/wp-content\/uploads\/2013\/05\/FormacionDSpace2.gif\" alt=\"Formacion DSpace\" width=\"900\" height=\"200\" \/><\/a><\/p>\n<p><a href=\"http:\/\/sorprendemos.com\/consultoresdocumentales\/?page_id=5828\"><img loading=\"lazy\" decoding=\"async\" class=\"aligncenter wp-image-7190 size-full\" src=\"http:\/\/sorprendemos.com\/consultoresdocumentales\/wp-content\/uploads\/2013\/05\/FormacionWordPress2.gif\" alt=\"Formaci\u00f3n WordPress\" width=\"900\" height=\"200\" \/><\/a><\/p>\n<p><a href=\"http:\/\/sorprendemos.com\/consultoresdocumentales\/?page_id=7182\"><img loading=\"lazy\" decoding=\"async\" class=\"aligncenter wp-image-7168 size-full\" src=\"http:\/\/sorprendemos.com\/consultoresdocumentales\/wp-content\/uploads\/2016\/01\/FormacionMarketingBibliotecas1.gif\" alt=\"Formacion Marketing Bibliotecas\" width=\"900\" height=\"200\" \/><\/a><\/p>\n<p><a href=\"http:\/\/sorprendemos.com\/consultoresdocumentales\/?page_id=7216\"><img loading=\"lazy\" decoding=\"async\" class=\"aligncenter wp-image-7226 size-full\" src=\"http:\/\/sorprendemos.com\/consultoresdocumentales\/wp-content\/uploads\/2013\/05\/FOrmacionRepositoriosDigitales1.gif\" alt=\"Repositorios Digitales\" width=\"900\" height=\"200\" \/><\/a><\/p>\n<p>&nbsp;<\/p>\n\n\n<!-- Fast Secure Contact Form plugin 4.0.52 - begin - FastSecureContactForm.com -->\r\n<div style=\"clear:both;\"><\/div>\n<p><B>Si quieres preinscribirte (sin compromiso) en nuestros Talleres Pr\u00e1cticos o recibir informaci\u00f3n m\u00e1s detallada, por favor, completa el formulario y nos ponemos en contacto contigo. Gracias por tu inter\u00e9s.<\/B><\/p>\r\n<div id=\"FSContact2\" style=\"width:99%; max-width:555px;\">\r\n<form action=\"https:\/\/sorprendemos.com\/consultoresdocumentales\/index.php?rest_route=%2Fwp%2Fv2%2Fpages%2F5357#FSContact2\" id=\"fscf_form2\" method=\"post\">\r\n<fieldset id=\"fscf_form_fieldset2\" style=\"border:1px solid black; width:99%; max-width:550px; padding:10px;\">\n<legend>Formulario de Contacto<\/legend>\n\n<div id=\"fscf_div_clear2_0\" style=\"clear:both;\">\n  <div id=\"fscf_div_field2_0\" style=\"clear:left; float:left; width:99%; max-width:550px; margin-right:10px;\">\r\n    <div style=\"text-align:left; padding-top:5px;\">\n      <label style=\"text-align:left;\" for=\"fscf_name2\">Nombre:<span style=\"text-align:left;\">*<\/span><\/label>\n    <\/div>\r\n    <div style=\"text-align:left;\">\r\n      <input style=\"text-align:left; margin:0; width:99%; max-width:250px;\" type=\"text\" id=\"fscf_name2\" name=\"full_name\" value=\"\"  readonly=\"readonly\" \/>\r\n    <\/div>\r\n  <\/div>\n<\/div>\n\n<div id=\"fscf_div_clear2_1\" style=\"clear:both;\">\n  <div id=\"fscf_div_field2_1\" style=\"clear:left; float:left; width:99%; max-width:550px; margin-right:10px;\">\n    <div style=\"text-align:left; padding-top:5px;\">\n      <label style=\"text-align:left;\" for=\"fscf_email2\">Correo Electr\u00f3nico:<span style=\"text-align:left;\">*<\/span><\/label>\n    <\/div>\n    <div style=\"text-align:left;\">\n      <input style=\"text-align:left; margin:0; width:99%; max-width:250px;\" type=\"text\" id=\"fscf_email2\" name=\"email\" value=\"\"  readonly=\"readonly\" \/>\n    <\/div>\n  <\/div>\n<\/div>\n\n<div id=\"fscf_div_clear2_2\" style=\"clear:both;\">\n  <div id=\"fscf_div_field2_2\" style=\"clear:left; float:left; width:99%; max-width:550px; margin-right:10px;\">\n    <div style=\"text-align:left; padding-top:5px;\">\n      <label style=\"text-align:left;\" for=\"fscf_field2_2\">Tema:<span style=\"text-align:left;\">*<\/span><\/label>\n    <\/div>\n    <div style=\"text-align:left;\">\n      <input style=\"text-align:left; margin:0; width:99%; max-width:250px;\" type=\"text\" id=\"fscf_field2_2\" name=\"subject\" value=\"\"  \/>\n    <\/div>\n  <\/div>\n<\/div>\n\n<div id=\"fscf_div_clear2_3\" style=\"clear:both;\">\n  <div id=\"fscf_div_field2_3\" style=\"clear:left; float:left; width:99%; max-width:550px; margin-right:10px;\">\n    <div style=\"text-align:left; padding-top:5px;\">\n      <label style=\"text-align:left;\" for=\"fscf_field2_3\">Mensaje:<span style=\"text-align:left;\">*<\/span><\/label>\n    <\/div>\n    <div style=\"text-align:left;\">\n      <textarea style=\"text-align:left; margin:0; width:99%; max-width:250px; height:120px;\" id=\"fscf_field2_3\" name=\"message\" cols=\"30\" rows=\"10\" ><\/textarea>\n    <\/div>\n  <\/div>\n<\/div>\r\n<div style=\"clear:both;\"><\/div>\n\n<div style=\"text-align:left; padding-top:5px;\">\n<\/div>\n<div id=\"fscf_captcha_image_div2\" style=\"width:250px; height:65px; padding-top:2px;\">\n      <img loading=\"lazy\" decoding=\"async\" id=\"fscf_captcha_image2\" style=\"border-style:none; margin:0; padding:0px; padding-right:5px; float:left;\" src=\"https:\/\/sorprendemos.com\/consultoresdocumentales\/wp-content\/plugins\/si-contact-form\/captcha\/securimage_show.php?prefix=dPCJ9gtC7lUxCDdo\" width=\"175\" height=\"60\" alt=\"CAPTCHA\" title=\"CAPTCHA\" \/>\n      <input id=\"fscf_captcha_prefix2\" type=\"hidden\" name=\"fscf_captcha_prefix2\" value=\"dPCJ9gtC7lUxCDdo\" \/>\n     <div id=\"fscf_captcha_refresh2\">\n        <a href=\"#\" rel=\"nofollow\" title=\"Depurar\" onclick=\"fscf_captcha_refresh('2','\/consultoresdocumentales\/wp-content\/plugins\/si-contact-form\/captcha','https:\/\/sorprendemos.com\/consultoresdocumentales\/wp-content\/plugins\/si-contact-form\/captcha\/securimage_show.php?prefix='); return false;\">\n        <img loading=\"lazy\" decoding=\"async\" src=\"https:\/\/sorprendemos.com\/consultoresdocumentales\/wp-content\/plugins\/si-contact-form\/captcha\/images\/refresh.png\" width=\"22\" height=\"20\" alt=\"Depurar\" style=\"border-style:none; margin:0; padding:0px; vertical-align:bottom;\" onclick=\"this.blur();\" \/><\/a>\r\n     <\/div>\r\n<\/div>\r\n\r\n<div id=\"fscf_captcha_field2\" style=\"text-align:left; padding-top:5px;\">\r\n     <label style=\"text-align:left;\" for=\"fscf_captcha_code2\">C\u00f3digo CAPTCHA:<span style=\"text-align:left;\">*<\/span><\/label>\r\n<\/div>\r\n<div style=\"text-align:left;\">\n     <input style=\"text-align:left; margin:0; width:50px;\" type=\"text\" value=\"\" autocomplete=\"off\" id=\"fscf_captcha_code2\" name=\"captcha_code\"  \/>\n<\/div>\n\n<div id=\"fscf_submit_div2\" style=\"text-align:left; clear:both; padding-top:15px;\">\r\n\t\t<input type=\"submit\" id=\"fscf_submit2\" style=\"cursor:pointer; margin:0;\" value=\"Enviar\"  onclick=\"this.disabled=true; this.value='Enviando....'; this.form.submit();\" \/> \n<\/div>\n<\/fieldset>\n\n<input type=\"hidden\" name=\"fscf_submitted\" value=\"0\" \/>\n<input type=\"hidden\" name=\"fs_postonce_2\" value=\"f76fd222a2b4893731534b8ee23c6b65,1776650412\" \/>\n<input type=\"hidden\" name=\"si_contact_action\" value=\"send\" \/>\n<input type=\"hidden\" name=\"form_id\" value=\"2\" \/>\n<input type=\"hidden\" name=\"mailto_id\" value=\"1\" \/>\n\n<\/form>\n<\/div>\r\n<div style=\"clear:both;\"><\/div>\n\n<!-- Fast Secure Contact Form plugin 4.0.52 - end - FastSecureContactForm.com -->\n\n<p style=\"text-align: justify;\">En cumplimiento con lo dispuesto en la Ley Org\u00e1nica 15\/1999, de 13 de diciembre, de Protecci\u00f3n de Datos de Car\u00e1cter Personal (\u201cLOPD\u201d), te informamos de que los datos personales e informaci\u00f3n que incorpores al formulario electr\u00f3nico habilitado al efecto y toda la documentaci\u00f3n que nos remitas en formato electr\u00f3nico o en papel (\u201cDatos\u201d), ser\u00e1n incorporados en un fichero de datos de car\u00e1cter personal titularidad de Emilio Sanz Santos. La finalidad del tratamiento de tus Datos es dar curso a tu solicitud de contacto o de petici\u00f3n de servicios. <a href=\"http:\/\/sorprendemos.com\/consultoresdocumentales\/?page_id=1709\/\" target=\"_blank\">Consulte nuestro aviso legal y pol\u00edtica de privacidad<\/a>.<\/p>\n","protected":false},"excerpt":{"rendered":"<p>&nbsp; En cumplimiento con lo dispuesto en la Ley Org\u00e1nica 15\/1999, de 13 de diciembre, de Protecci\u00f3n de Datos de Car\u00e1cter Personal (\u201cLOPD\u201d), te informamos de que los datos personales e informaci\u00f3n que incorpores al formulario electr\u00f3nico habilitado al efecto y toda la documentaci\u00f3n que nos remitas en formato electr\u00f3nico o en papel (\u201cDatos\u201d), ser\u00e1n [&hellip;]<\/p>\n","protected":false},"author":5,"featured_media":0,"parent":0,"menu_order":0,"comment_status":"closed","ping_status":"closed","template":"","meta":{"_et_pb_use_builder":"","_et_pb_old_content":"","_et_gb_content_width":"","_monsterinsights_skip_tracking":false,"_monsterinsights_sitenote_active":false,"_monsterinsights_sitenote_note":"","_monsterinsights_sitenote_category":0,"footnotes":""},"class_list":["post-5357","page","type-page","status-publish","hentry"],"yoast_head":"<!-- This site is optimized with the Yoast SEO plugin v27.3 - https:\/\/yoast.com\/product\/yoast-seo-wordpress\/ -->\r\n<title>Formaci\u00f3n Online - Taller Pr\u00e1ctico - Conocimiento Pr\u00e1ctico<\/title>\r\n<meta name=\"description\" content=\"Desarrollamos CONTENIDOS PROPIOS SOBRE EXPERIENCIAS REALES e impartimos la formaci\u00f3n sin intermediarios a precios muy competitivos\" \/>\r\n<meta name=\"robots\" content=\"index, follow, max-snippet:-1, max-image-preview:large, max-video-preview:-1\" \/>\r\n<link rel=\"canonical\" href=\"https:\/\/sorprendemos.com\/consultoresdocumentales\/?page_id=5357\" \/>\r\n<meta name=\"twitter:label1\" content=\"Tiempo de lectura\" \/>\n\t<meta name=\"twitter:data1\" content=\"1 minuto\" \/>\r\n<script type=\"application\/ld+json\" class=\"yoast-schema-graph\">{\"@context\":\"https:\\\/\\\/schema.org\",\"@graph\":[{\"@type\":\"WebPage\",\"@id\":\"https:\\\/\\\/sorprendemos.com\\\/consultoresdocumentales\\\/?page_id=5357\",\"url\":\"https:\\\/\\\/sorprendemos.com\\\/consultoresdocumentales\\\/?page_id=5357\",\"name\":\"Formaci\u00f3n Online - Taller Pr\u00e1ctico - Conocimiento Pr\u00e1ctico\",\"isPartOf\":{\"@id\":\"https:\\\/\\\/sorprendemos.com\\\/consultoresdocumentales\\\/#website\"},\"primaryImageOfPage\":{\"@id\":\"https:\\\/\\\/sorprendemos.com\\\/consultoresdocumentales\\\/?page_id=5357#primaryimage\"},\"image\":{\"@id\":\"https:\\\/\\\/sorprendemos.com\\\/consultoresdocumentales\\\/?page_id=5357#primaryimage\"},\"thumbnailUrl\":\"http:\\\/\\\/sorprendemos.com\\\/consultoresdocumentales\\\/wp-content\\\/uploads\\\/2013\\\/05\\\/FormacionKoha2.gif\",\"datePublished\":\"2013-05-30T15:41:13+00:00\",\"dateModified\":\"2016-01-21T18:08:31+00:00\",\"description\":\"Desarrollamos CONTENIDOS PROPIOS SOBRE EXPERIENCIAS REALES e impartimos la formaci\u00f3n sin intermediarios a precios muy competitivos\",\"breadcrumb\":{\"@id\":\"https:\\\/\\\/sorprendemos.com\\\/consultoresdocumentales\\\/?page_id=5357#breadcrumb\"},\"inLanguage\":\"es\",\"potentialAction\":[{\"@type\":\"ReadAction\",\"target\":[\"https:\\\/\\\/sorprendemos.com\\\/consultoresdocumentales\\\/?page_id=5357\"]}]},{\"@type\":\"ImageObject\",\"inLanguage\":\"es\",\"@id\":\"https:\\\/\\\/sorprendemos.com\\\/consultoresdocumentales\\\/?page_id=5357#primaryimage\",\"url\":\"http:\\\/\\\/sorprendemos.com\\\/consultoresdocumentales\\\/wp-content\\\/uploads\\\/2013\\\/05\\\/FormacionKoha2.gif\",\"contentUrl\":\"http:\\\/\\\/sorprendemos.com\\\/consultoresdocumentales\\\/wp-content\\\/uploads\\\/2013\\\/05\\\/FormacionKoha2.gif\"},{\"@type\":\"BreadcrumbList\",\"@id\":\"https:\\\/\\\/sorprendemos.com\\\/consultoresdocumentales\\\/?page_id=5357#breadcrumb\",\"itemListElement\":[{\"@type\":\"ListItem\",\"position\":1,\"name\":\"Portada\",\"item\":\"https:\\\/\\\/sorprendemos.com\\\/consultoresdocumentales\"},{\"@type\":\"ListItem\",\"position\":2,\"name\":\"FORMACI\u00d3N\"}]},{\"@type\":\"WebSite\",\"@id\":\"https:\\\/\\\/sorprendemos.com\\\/consultoresdocumentales\\\/#website\",\"url\":\"https:\\\/\\\/sorprendemos.com\\\/consultoresdocumentales\\\/\",\"name\":\"Consultores Documentales\",\"description\":\"Dise\u00f1o, planificaci\u00f3n, implantaci\u00f3n, operaci\u00f3n y gesti\u00f3n de proyectos y servicios\",\"potentialAction\":[{\"@type\":\"SearchAction\",\"target\":{\"@type\":\"EntryPoint\",\"urlTemplate\":\"https:\\\/\\\/sorprendemos.com\\\/consultoresdocumentales\\\/?s={search_term_string}\"},\"query-input\":{\"@type\":\"PropertyValueSpecification\",\"valueRequired\":true,\"valueName\":\"search_term_string\"}}],\"inLanguage\":\"es\"}]}<\/script>\r\n<!-- \/ Yoast SEO plugin. -->","yoast_head_json":{"title":"Formaci\u00f3n Online - Taller Pr\u00e1ctico - Conocimiento Pr\u00e1ctico","description":"Desarrollamos CONTENIDOS PROPIOS SOBRE EXPERIENCIAS REALES e impartimos la formaci\u00f3n sin intermediarios a precios muy competitivos","robots":{"index":"index","follow":"follow","max-snippet":"max-snippet:-1","max-image-preview":"max-image-preview:large","max-video-preview":"max-video-preview:-1"},"canonical":"https:\/\/sorprendemos.com\/consultoresdocumentales\/?page_id=5357","twitter_misc":{"Tiempo de lectura":"1 minuto"},"schema":{"@context":"https:\/\/schema.org","@graph":[{"@type":"WebPage","@id":"https:\/\/sorprendemos.com\/consultoresdocumentales\/?page_id=5357","url":"https:\/\/sorprendemos.com\/consultoresdocumentales\/?page_id=5357","name":"Formaci\u00f3n Online - Taller Pr\u00e1ctico - Conocimiento Pr\u00e1ctico","isPartOf":{"@id":"https:\/\/sorprendemos.com\/consultoresdocumentales\/#website"},"primaryImageOfPage":{"@id":"https:\/\/sorprendemos.com\/consultoresdocumentales\/?page_id=5357#primaryimage"},"image":{"@id":"https:\/\/sorprendemos.com\/consultoresdocumentales\/?page_id=5357#primaryimage"},"thumbnailUrl":"http:\/\/sorprendemos.com\/consultoresdocumentales\/wp-content\/uploads\/2013\/05\/FormacionKoha2.gif","datePublished":"2013-05-30T15:41:13+00:00","dateModified":"2016-01-21T18:08:31+00:00","description":"Desarrollamos CONTENIDOS PROPIOS SOBRE EXPERIENCIAS REALES e impartimos la formaci\u00f3n sin intermediarios a precios muy competitivos","breadcrumb":{"@id":"https:\/\/sorprendemos.com\/consultoresdocumentales\/?page_id=5357#breadcrumb"},"inLanguage":"es","potentialAction":[{"@type":"ReadAction","target":["https:\/\/sorprendemos.com\/consultoresdocumentales\/?page_id=5357"]}]},{"@type":"ImageObject","inLanguage":"es","@id":"https:\/\/sorprendemos.com\/consultoresdocumentales\/?page_id=5357#primaryimage","url":"http:\/\/sorprendemos.com\/consultoresdocumentales\/wp-content\/uploads\/2013\/05\/FormacionKoha2.gif","contentUrl":"http:\/\/sorprendemos.com\/consultoresdocumentales\/wp-content\/uploads\/2013\/05\/FormacionKoha2.gif"},{"@type":"BreadcrumbList","@id":"https:\/\/sorprendemos.com\/consultoresdocumentales\/?page_id=5357#breadcrumb","itemListElement":[{"@type":"ListItem","position":1,"name":"Portada","item":"https:\/\/sorprendemos.com\/consultoresdocumentales"},{"@type":"ListItem","position":2,"name":"FORMACI\u00d3N"}]},{"@type":"WebSite","@id":"https:\/\/sorprendemos.com\/consultoresdocumentales\/#website","url":"https:\/\/sorprendemos.com\/consultoresdocumentales\/","name":"Consultores Documentales","description":"Dise\u00f1o, planificaci\u00f3n, implantaci\u00f3n, operaci\u00f3n y gesti\u00f3n de proyectos y servicios","potentialAction":[{"@type":"SearchAction","target":{"@type":"EntryPoint","urlTemplate":"https:\/\/sorprendemos.com\/consultoresdocumentales\/?s={search_term_string}"},"query-input":{"@type":"PropertyValueSpecification","valueRequired":true,"valueName":"search_term_string"}}],"inLanguage":"es"}]}},"_links":{"self":[{"href":"https:\/\/sorprendemos.com\/consultoresdocumentales\/index.php?rest_route=\/wp\/v2\/pages\/5357","targetHints":{"allow":["GET"]}}],"collection":[{"href":"https:\/\/sorprendemos.com\/consultoresdocumentales\/index.php?rest_route=\/wp\/v2\/pages"}],"about":[{"href":"https:\/\/sorprendemos.com\/consultoresdocumentales\/index.php?rest_route=\/wp\/v2\/types\/page"}],"author":[{"embeddable":true,"href":"https:\/\/sorprendemos.com\/consultoresdocumentales\/index.php?rest_route=\/wp\/v2\/users\/5"}],"replies":[{"embeddable":true,"href":"https:\/\/sorprendemos.com\/consultoresdocumentales\/index.php?rest_route=%2Fwp%2Fv2%2Fcomments&post=5357"}],"version-history":[{"count":0,"href":"https:\/\/sorprendemos.com\/consultoresdocumentales\/index.php?rest_route=\/wp\/v2\/pages\/5357\/revisions"}],"wp:attachment":[{"href":"https:\/\/sorprendemos.com\/consultoresdocumentales\/index.php?rest_route=%2Fwp%2Fv2%2Fmedia&parent=5357"}],"curies":[{"name":"wp","href":"https:\/\/api.w.org\/{rel}","templated":true}]}}